
{"id":8120,"date":"2017-11-06T14:26:21","date_gmt":"2017-11-06T11:26:21","guid":{"rendered":"https:\/\/www.irissasuites.com\/blog-news\/"},"modified":"2022-06-09T12:18:24","modified_gmt":"2022-06-09T09:18:24","slug":"blog-news","status":"publish","type":"page","link":"https:\/\/www.irissasuites.com\/fr\/blog-news\/","title":{"rendered":"Blog"},"content":{"rendered":"<p>[vc_row row_content_width=\u00a0\u00bbgrid\u00a0\u00bb css=\u00a0\u00bb.vc_custom_1630324945662{padding-top: 93px !important;padding-bottom: 60px !important;}\u00a0\u00bb][vc_column offset=\u00a0\u00bbvc_col-lg-12 vc_col-md-12&Prime;]<div class=\"eltd-elements-holder   eltd-two-columns  eltd-responsive-mode-768 \" ><div class=\"eltd-eh-item   eltd-horizontal-alignment-center \"  data-item-class=\"eltd-eh-custom-3462\" data-1280-1600=\"0 18%\" data-1024-1280=\"0 18%\" data-768-1024=\"0 10%\" data-680-768=\"0 0\" data-680=\"0 0\">\n\t<div class=\"eltd-eh-item-inner\">\n\t\t<div class=\"eltd-eh-item-content eltd-eh-custom-3462\" style=\"padding: 0 27%\">\n\t\t\t<div class=\"eltd-section-title-holder eltd-separator-disabled  \" >\n    <div class=\"eltd-section-title-inner\">\n                            <h2 class=\"eltd-st-title \" >\n                <span class=\"eltd-st-before\"><\/span>\n                <span>Blog &amp; News<\/span>\n            <\/h2>\n                            <\/div>\n<\/div>\t\t<\/div>\n\t<\/div>\n<\/div><\/div>[\/vc_column][\/vc_row][vc_row][vc_column]<div class=\"eltd-blog-list-holder eltd-bl-boxed eltd-bl-three-columns eltd-large-space eltd-bl-pag-no-pagination \"  data-type=boxed data-number-of-posts=-1 data-number-of-columns=3 data-space-between-items=large data-orderby=date data-order=DESC data-image-size=full data-title-tag=h4 data-excerpt-length=40 data-post-info-section=yes data-post-info-image=yes data-post-info-author=no data-post-info-date=yes data-post-info-category=no data-post-info-comments=no data-post-info-like=no data-post-info-share=no data-post-read-more=yes data-line-position=left data-pagination-type=no-pagination data-max-num-pages=0 data-next-page=2>\n\t<div class=\"eltd-bl-wrapper eltd-outer-space\">\n\t\t<ul class=\"eltd-blog-list\">\n\t\t\t<li class=\"eltd-bl-item eltd-item-space clearfix\">\n\t<div class=\"eltd-bli-inner\">\n\t\t\n\t<div class=\"eltd-post-image\">\n\t\t\t\t\t<a itemprop=\"url\" href=\"https:\/\/www.irissasuites.com\/fr\/2025\/01\/17\/oenotropae\/\" title=\"Oenotropae\">\n\t\t\t\t\t<img width=\"1800\" height=\"1200\" src=\"https:\/\/www.irissasuites.com\/wp-content\/uploads\/2025\/01\/vines.jpg\" class=\"attachment-full size-full\" alt=\"\" loading=\"lazy\" srcset=\"https:\/\/www.irissasuites.com\/wp-content\/uploads\/2025\/01\/vines.jpg 1800w, https:\/\/www.irissasuites.com\/wp-content\/uploads\/2025\/01\/vines-300x200.jpg 300w, https:\/\/www.irissasuites.com\/wp-content\/uploads\/2025\/01\/vines-1024x683.jpg 1024w, https:\/\/www.irissasuites.com\/wp-content\/uploads\/2025\/01\/vines-768x512.jpg 768w, https:\/\/www.irissasuites.com\/wp-content\/uploads\/2025\/01\/vines-1536x1024.jpg 1536w\" sizes=\"(max-width: 1800px) 100vw, 1800px\" \/>\t\t\t\t\t<\/a>\n\t\t\t\t\t<\/div>\n        <div class=\"eltd-bli-content\" >\n                            <div class=\"eltd-bli-info\">\n\t                <div itemprop=\"dateCreated\" class=\"eltd-post-info-date entry-date published updated\">\n            <a itemprop=\"url\" href=\"https:\/\/www.irissasuites.com\/fr\/2025\/01\/\">\n    \n        17 janvier 2025        <\/a>\n    <meta itemprop=\"interactionCount\" content=\"UserComments: 0\"\/>\n<\/div>                <\/div>\n            \n\t        \n<h4 itemprop=\"name\" class=\"entry-title eltd-post-title\" >\n            <a itemprop=\"url\" href=\"https:\/\/www.irissasuites.com\/fr\/2025\/01\/17\/oenotropae\/\" title=\"Oenotropae\">\n            Oenotropae            <\/a>\n    <\/h4>\t\n\t        <div class=\"eltd-bli-excerpt\">\n\t\t        \t\t<div class=\"eltd-post-excerpt-holder\">\n\t\t\t<p itemprop=\"description\" class=\"eltd-post-excerpt\">\n\t\t\t\tDans la mythologie grecque, Anius, le roi de l\u2019\u00eele de D\u00e9los (\u00eele sacr\u00e9e dans l\u2019antiquit\u00e9 grecque), le petit-fils de Dionysus et Ariane, et sa femme Dorippi eurent trois filles : Oeno, Spermo et Elais. Oeno avait la possibilit\u00e9 de tout\t\t\t<\/p>\n\t\t<\/div>\n\t\t\t        \t<div class=\"eltd-post-read-more-button\">\n\t\t<a itemprop=\"url\" href=\"https:\/\/www.irissasuites.com\/fr\/2025\/01\/17\/oenotropae\/\" target=\"_self\"  class=\"eltd-btn eltd-btn-medium eltd-btn-simple eltd-blog-list-button eltd-btn-line-left\"  >    <span class=\"eltd-btn-text\">READ MORE<\/span>        <\/a>\t<\/div>\n\t\t\t\t\t        <\/div>\n        <\/div>\n\t<\/div>\n<\/li><li class=\"eltd-bl-item eltd-item-space clearfix\">\n\t<div class=\"eltd-bli-inner\">\n\t\t\n\t<div class=\"eltd-post-image\">\n\t\t\t\t\t<a itemprop=\"url\" href=\"https:\/\/www.irissasuites.com\/fr\/2021\/08\/08\/hidden-gems\/\" title=\"Tr\u00e9sors cach\u00e9s de Nafplio\">\n\t\t\t\t\t<img width=\"1920\" height=\"1280\" src=\"https:\/\/www.irissasuites.com\/wp-content\/uploads\/2017\/11\/despina-galani-pS-kwoFvOKg-unsplash-1920x1280-1.jpg\" class=\"attachment-full size-full\" alt=\"\" loading=\"lazy\" srcset=\"https:\/\/www.irissasuites.com\/wp-content\/uploads\/2017\/11\/despina-galani-pS-kwoFvOKg-unsplash-1920x1280-1.jpg 1920w, https:\/\/www.irissasuites.com\/wp-content\/uploads\/2017\/11\/despina-galani-pS-kwoFvOKg-unsplash-1920x1280-1-600x400.jpg 600w, https:\/\/www.irissasuites.com\/wp-content\/uploads\/2017\/11\/despina-galani-pS-kwoFvOKg-unsplash-1920x1280-1-300x200.jpg 300w, https:\/\/www.irissasuites.com\/wp-content\/uploads\/2017\/11\/despina-galani-pS-kwoFvOKg-unsplash-1920x1280-1-1024x683.jpg 1024w, https:\/\/www.irissasuites.com\/wp-content\/uploads\/2017\/11\/despina-galani-pS-kwoFvOKg-unsplash-1920x1280-1-768x512.jpg 768w, https:\/\/www.irissasuites.com\/wp-content\/uploads\/2017\/11\/despina-galani-pS-kwoFvOKg-unsplash-1920x1280-1-1536x1024.jpg 1536w\" sizes=\"(max-width: 1920px) 100vw, 1920px\" \/>\t\t\t\t\t<\/a>\n\t\t\t\t\t<\/div>\n        <div class=\"eltd-bli-content\" >\n                            <div class=\"eltd-bli-info\">\n\t                <div itemprop=\"dateCreated\" class=\"eltd-post-info-date entry-date published updated\">\n            <a itemprop=\"url\" href=\"https:\/\/www.irissasuites.com\/fr\/2021\/08\/\">\n    \n        8 ao\u00fbt 2021        <\/a>\n    <meta itemprop=\"interactionCount\" content=\"UserComments: 0\"\/>\n<\/div>                <\/div>\n            \n\t        \n<h4 itemprop=\"name\" class=\"entry-title eltd-post-title\" >\n            <a itemprop=\"url\" href=\"https:\/\/www.irissasuites.com\/fr\/2021\/08\/08\/hidden-gems\/\" title=\"Tr\u00e9sors cach\u00e9s de Nafplio\">\n            Tr\u00e9sors cach\u00e9s de Nafplio            <\/a>\n    <\/h4>\t\n\t        <div class=\"eltd-bli-excerpt\">\n\t\t        \t\t<div class=\"eltd-post-excerpt-holder\">\n\t\t\t<p itemprop=\"description\" class=\"eltd-post-excerpt\">\n\t\t\t\tIci aussi, dans la cath\u00e9drale d\u2019Aghios Georgios, la plus vieille \u00e9glise de la ville, l\u2019histoire de la Gr\u00e8ce moderne a une forte pr\u00e9sence: c\u2019est ici qu\u2019ont eu lieu les fun\u00e9railles de Palaion Patron Germanos, de Dimitrios Ypsilantis et d\u2019Ioannis Kapodistrias.\t\t\t<\/p>\n\t\t<\/div>\n\t\t\t        \t<div class=\"eltd-post-read-more-button\">\n\t\t<a itemprop=\"url\" href=\"https:\/\/www.irissasuites.com\/fr\/2021\/08\/08\/hidden-gems\/\" target=\"_self\"  class=\"eltd-btn eltd-btn-medium eltd-btn-simple eltd-blog-list-button eltd-btn-line-left\"  >    <span class=\"eltd-btn-text\">READ MORE<\/span>        <\/a>\t<\/div>\n\t\t\t\t\t        <\/div>\n        <\/div>\n\t<\/div>\n<\/li><li class=\"eltd-bl-item eltd-item-space clearfix\">\n\t<div class=\"eltd-bli-inner\">\n\t\t\n\t<div class=\"eltd-post-image\">\n\t\t\t\t\t<a itemprop=\"url\" href=\"https:\/\/www.irissasuites.com\/fr\/2021\/08\/08\/voyage-au-charme-de-la-premiere-capitale\/\" title=\"Voyage au charme de la premi\u00e8re capitale\">\n\t\t\t\t\t<img width=\"1600\" height=\"1057\" src=\"https:\/\/www.irissasuites.com\/wp-content\/uploads\/2017\/11\/nafplio.jpg\" class=\"attachment-full size-full\" alt=\"\" loading=\"lazy\" srcset=\"https:\/\/www.irissasuites.com\/wp-content\/uploads\/2017\/11\/nafplio.jpg 1600w, https:\/\/www.irissasuites.com\/wp-content\/uploads\/2017\/11\/nafplio-600x396.jpg 600w, https:\/\/www.irissasuites.com\/wp-content\/uploads\/2017\/11\/nafplio-300x198.jpg 300w, https:\/\/www.irissasuites.com\/wp-content\/uploads\/2017\/11\/nafplio-1024x676.jpg 1024w, https:\/\/www.irissasuites.com\/wp-content\/uploads\/2017\/11\/nafplio-768x507.jpg 768w, https:\/\/www.irissasuites.com\/wp-content\/uploads\/2017\/11\/nafplio-1536x1015.jpg 1536w\" sizes=\"(max-width: 1600px) 100vw, 1600px\" \/>\t\t\t\t\t<\/a>\n\t\t\t\t\t<\/div>\n        <div class=\"eltd-bli-content\" >\n                            <div class=\"eltd-bli-info\">\n\t                <div itemprop=\"dateCreated\" class=\"eltd-post-info-date entry-date published updated\">\n            <a itemprop=\"url\" href=\"https:\/\/www.irissasuites.com\/fr\/2021\/08\/\">\n    \n        8 ao\u00fbt 2021        <\/a>\n    <meta itemprop=\"interactionCount\" content=\"UserComments: 0\"\/>\n<\/div>                <\/div>\n            \n\t        \n<h4 itemprop=\"name\" class=\"entry-title eltd-post-title\" >\n            <a itemprop=\"url\" href=\"https:\/\/www.irissasuites.com\/fr\/2021\/08\/08\/voyage-au-charme-de-la-premiere-capitale\/\" title=\"Voyage au charme de la premi\u00e8re capitale\">\n            Voyage au charme de la premi\u00e8re capitale            <\/a>\n    <\/h4>\t\n\t        <div class=\"eltd-bli-excerpt\">\n\t\t        \t\t<div class=\"eltd-post-excerpt-holder\">\n\t\t\t<p itemprop=\"description\" class=\"eltd-post-excerpt\">\n\t\t\t\tRomantisme, noblesse et luxe.Dans le P\u00e9loponn\u00e8se, vous rencontrerez une ville-mus\u00e9e vivante qui s\u2019impatiente \u00e0 vous pr\u00e9senter ses tr\u00e9sors Vacances.\t\t\t<\/p>\n\t\t<\/div>\n\t\t\t        \t<div class=\"eltd-post-read-more-button\">\n\t\t<a itemprop=\"url\" href=\"https:\/\/www.irissasuites.com\/fr\/2021\/08\/08\/voyage-au-charme-de-la-premiere-capitale\/\" target=\"_self\"  class=\"eltd-btn eltd-btn-medium eltd-btn-simple eltd-blog-list-button eltd-btn-line-left\"  >    <span class=\"eltd-btn-text\">READ MORE<\/span>        <\/a>\t<\/div>\n\t\t\t\t\t        <\/div>\n        <\/div>\n\t<\/div>\n<\/li>\t\t<\/ul>\n\t<\/div>\n\t<\/div>[\/vc_column][\/vc_row]<\/p>\n","protected":false},"excerpt":{"rendered":"<p>[vc_row row_content_width=\u00a0\u00bbgrid\u00a0\u00bb css=\u00a0\u00bb.vc_custom_1630324945662{padding-top: 93px !important;padding-bottom: 60px !important;}\u00a0\u00bb][vc_column offset=\u00a0\u00bbvc_col-lg-12 vc_col-md-12&Prime;][\/vc_column][\/vc_row][vc_row][vc_column][\/vc_column][\/vc_row]<\/p>\n","protected":false},"author":1,"featured_media":0,"parent":0,"menu_order":0,"comment_status":"closed","ping_status":"closed","template":"","meta":[],"_links":{"self":[{"href":"https:\/\/www.irissasuites.com\/fr\/wp-json\/wp\/v2\/pages\/8120"}],"collection":[{"href":"https:\/\/www.irissasuites.com\/fr\/wp-json\/wp\/v2\/pages"}],"about":[{"href":"https:\/\/www.irissasuites.com\/fr\/wp-json\/wp\/v2\/types\/page"}],"author":[{"embeddable":true,"href":"https:\/\/www.irissasuites.com\/fr\/wp-json\/wp\/v2\/users\/1"}],"replies":[{"embeddable":true,"href":"https:\/\/www.irissasuites.com\/fr\/wp-json\/wp\/v2\/comments?post=8120"}],"version-history":[{"count":3,"href":"https:\/\/www.irissasuites.com\/fr\/wp-json\/wp\/v2\/pages\/8120\/revisions"}],"predecessor-version":[{"id":8175,"href":"https:\/\/www.irissasuites.com\/fr\/wp-json\/wp\/v2\/pages\/8120\/revisions\/8175"}],"wp:attachment":[{"href":"https:\/\/www.irissasuites.com\/fr\/wp-json\/wp\/v2\/media?parent=8120"}],"curies":[{"name":"wp","href":"https:\/\/api.w.org\/{rel}","templated":true}]}}