
{"id":8045,"date":"2021-08-09T13:04:37","date_gmt":"2021-08-09T10:04:37","guid":{"rendered":"https:\/\/www.irissasuites.com\/offers\/"},"modified":"2022-06-02T16:51:20","modified_gmt":"2022-06-02T13:51:20","slug":"offers","status":"publish","type":"page","link":"https:\/\/www.irissasuites.com\/fr\/offers\/","title":{"rendered":"Offres"},"content":{"rendered":"<p>[vc_row row_content_width=\u00a0\u00bbgrid\u00a0\u00bb css=\u00a0\u00bb.vc_custom_1512646540824{padding-top: 93px !important;padding-bottom: 60px !important;}\u00a0\u00bb][vc_column offset=\u00a0\u00bbvc_col-lg-12 vc_col-md-12&Prime;]<div class=\"eltd-elements-holder   eltd-two-columns  eltd-responsive-mode-768 \" ><div class=\"eltd-eh-item   eltd-horizontal-alignment-center \"  data-item-class=\"eltd-eh-custom-3109\" data-1280-1600=\"0 18%\" data-1024-1280=\"0 18%\" data-768-1024=\"0 10%\" data-680-768=\"0 0\" data-680=\"0 0\">\n\t<div class=\"eltd-eh-item-inner\">\n\t\t<div class=\"eltd-eh-item-content eltd-eh-custom-3109\" style=\"padding: 0 27%\">\n\t\t\t<div class=\"eltd-section-title-holder eltd-separator-disabled  \" >\n    <div class=\"eltd-section-title-inner\">\n                            <h2 class=\"eltd-st-title \" >\n                <span class=\"eltd-st-before\"><\/span>\n                <span>Profitez de nos offres<\/span>\n            <\/h2>\n                            <p class=\"eltd-st-text\" style=\"font-size: 18px;line-height: 30px\">Faites votre r\u00e9servation dans l&#039;une des chambres confortables et luxueuses d&#039;Irissa Suites \u00e0 Iria et profitez des offres uniques.<\/p>\n                    <\/div>\n<\/div>\t\t<\/div>\n\t<\/div>\n<\/div><\/div>[\/vc_column][\/vc_row][vc_row css=\u00a0\u00bb.vc_custom_1511448136622{padding-bottom: 90px !important;}\u00a0\u00bb][vc_column]<div class=\"eltd-elements-holder   eltd-one-column  eltd-responsive-mode-768 \" ><div class=\"eltd-eh-item    \"  data-item-class=\"eltd-eh-custom-8324\" data-1280-1600=\"0 30px\" data-1024-1280=\"0 70px\" data-768-1024=\"0 30%\" data-680-768=\"0 180px\" data-680=\"0 7%\">\n\t<div class=\"eltd-eh-item-inner\">\n\t\t<div class=\"eltd-eh-item-content eltd-eh-custom-8324\" style=\"padding: 0 130px\">\n\t\t\t<div class=\"eltd-pricing-tables clearfix eltd-two-columns eltd-medium-space\"><div class=\"eltd-pt-wrapper eltd-outer-space\"><div class=\"eltd-price-table eltd-item-space \">\n\t<div class=\"eltd-pt-inner\" >\n\t\t \t\t\t<div class=\"eltd-pt-image\">\n\t\t\t\t\t\t\t\t\t<img src=\"https:\/\/www.irissasuites.com\/wp-content\/uploads\/2021\/09\/yiamouris_AY55697-HDR-Copy-501x336.jpg\" alt=\"\" width=\"501\" height=\"336\" \/>\t\t\t\t\t\t\t\t<\/div>\n\t\t\t\t<ul>\n\t\t\t<li class=\"eltd-pt-title-holder\">\n\t\t\t\t\t<h4 class=\"eltd-pt-title\" >Offre de derni\u00e8re minute<\/h4>\n\t\t\t<\/li>\n\t\t\t<li class=\"eltd-pt-content\">\n\t\t\t\t\n<p id=\"tw-target-text\" class=\"tw-data-text tw-text-large tw-ta\" dir=\"ltr\" data-placeholder=\"\u039c\u03b5\u03c4\u03ac\u03c6\u03c1\u03b1\u03c3\u03b7\"><span class=\"Y2IQFc\" lang=\"fr\">Profitez de cette offre de derni\u00e8re minute et b\u00e9n\u00e9ficiez d&rsquo;une r\u00e9duction de 15% sur nos tarifs de chambres.<\/span><\/p>\n\t\t\t<\/li>\n\t\t\t\t\t\t\t<li class=\"eltd-pt-button\">\n\t\t\t\t\t<a itemprop=\"url\" href=\"https:\/\/irissasuites.reserve-online.net\/\" target=\"_self\"  class=\"eltd-btn eltd-btn-large eltd-btn-simple eltd-btn-line-center\"  >    <span class=\"eltd-btn-text\">RESERVE MAINTENANT<\/span>        <\/a>\t\t\t\t<\/li>\t\t\t\t\n\t\t\t\t\t<\/ul>\n\t<\/div>\n<\/div><div class=\"eltd-price-table eltd-item-space \">\n\t<div class=\"eltd-pt-inner\" >\n\t\t \t\t\t<div class=\"eltd-pt-image\">\n\t\t\t\t\t\t\t\t\t<img width=\"1024\" height=\"683\" src=\"https:\/\/www.irissasuites.com\/wp-content\/uploads\/2021\/09\/yiamouris_AY55884-Copy-1024x683.jpg\" class=\"attachment-large size-large\" alt=\"\" loading=\"lazy\" srcset=\"https:\/\/www.irissasuites.com\/wp-content\/uploads\/2021\/09\/yiamouris_AY55884-Copy-1024x683.jpg 1024w, https:\/\/www.irissasuites.com\/wp-content\/uploads\/2021\/09\/yiamouris_AY55884-Copy-300x200.jpg 300w, https:\/\/www.irissasuites.com\/wp-content\/uploads\/2021\/09\/yiamouris_AY55884-Copy-768x512.jpg 768w, https:\/\/www.irissasuites.com\/wp-content\/uploads\/2021\/09\/yiamouris_AY55884-Copy-1536x1024.jpg 1536w, https:\/\/www.irissasuites.com\/wp-content\/uploads\/2021\/09\/yiamouris_AY55884-Copy-600x400.jpg 600w, https:\/\/www.irissasuites.com\/wp-content\/uploads\/2021\/09\/yiamouris_AY55884-Copy.jpg 1800w\" sizes=\"(max-width: 1024px) 100vw, 1024px\" \/>\t\t\t\t\t\t\t<\/div>\n\t\t\t\t<ul>\n\t\t\t<li class=\"eltd-pt-title-holder\">\n\t\t\t\t\t<h4 class=\"eltd-pt-title\" >Offre \u00e9t\u00e9 2021<\/h4>\n\t\t\t<\/li>\n\t\t\t<li class=\"eltd-pt-content\">\n\t\t\t\t\n<p id=\"tw-target-text\" class=\"tw-data-text tw-text-large tw-ta\" dir=\"ltr\" data-placeholder=\"\u039c\u03b5\u03c4\u03ac\u03c6\u03c1\u03b1\u03c3\u03b7\"><span class=\"Y2IQFc\" lang=\"fr\">Planifiez le voyage id\u00e9al pour vous. Faites votre r\u00e9servation maintenant \u00e0 partir d&rsquo;une remise de 20%.<\/span><\/p>\n\t\t\t<\/li>\n\t\t\t\t\t\t\t<li class=\"eltd-pt-button\">\n\t\t\t\t\t<a itemprop=\"url\" href=\"https:\/\/irissasuites.reserve-online.net\/\" target=\"_self\"  class=\"eltd-btn eltd-btn-large eltd-btn-simple eltd-btn-line-center\"  >    <span class=\"eltd-btn-text\">RESERVE MAINTENANT<\/span>        <\/a>\t\t\t\t<\/li>\t\t\t\t\n\t\t\t\t\t<\/ul>\n\t<\/div>\n<\/div><\/div><\/div>\t\t<\/div>\n\t<\/div>\n<\/div><\/div>[\/vc_column][\/vc_row][vc_row][vc_column][vc_empty_space height=\u00a0\u00bb50px\u00a0\u00bb][\/vc_column][\/vc_row]<\/p>\n","protected":false},"excerpt":{"rendered":"<p>[vc_row row_content_width=\u00a0\u00bbgrid\u00a0\u00bb css=\u00a0\u00bb.vc_custom_1512646540824{padding-top: 93px !important;padding-bottom: 60px !important;}\u00a0\u00bb][vc_column offset=\u00a0\u00bbvc_col-lg-12 vc_col-md-12&Prime;][\/vc_column][\/vc_row][vc_row css=\u00a0\u00bb.vc_custom_1511448136622{padding-bottom: 90px !important;}\u00a0\u00bb][vc_column][\/vc_column][\/vc_row][vc_row][vc_column][vc_empty_space height=\u00a0\u00bb50px\u00a0\u00bb][\/vc_column][\/vc_row]<\/p>\n","protected":false},"author":1,"featured_media":0,"parent":0,"menu_order":0,"comment_status":"closed","ping_status":"closed","template":"","meta":[],"_links":{"self":[{"href":"https:\/\/www.irissasuites.com\/fr\/wp-json\/wp\/v2\/pages\/8045"}],"collection":[{"href":"https:\/\/www.irissasuites.com\/fr\/wp-json\/wp\/v2\/pages"}],"about":[{"href":"https:\/\/www.irissasuites.com\/fr\/wp-json\/wp\/v2\/types\/page"}],"author":[{"embeddable":true,"href":"https:\/\/www.irissasuites.com\/fr\/wp-json\/wp\/v2\/users\/1"}],"replies":[{"embeddable":true,"href":"https:\/\/www.irissasuites.com\/fr\/wp-json\/wp\/v2\/comments?post=8045"}],"version-history":[{"count":4,"href":"https:\/\/www.irissasuites.com\/fr\/wp-json\/wp\/v2\/pages\/8045\/revisions"}],"predecessor-version":[{"id":8050,"href":"https:\/\/www.irissasuites.com\/fr\/wp-json\/wp\/v2\/pages\/8045\/revisions\/8050"}],"wp:attachment":[{"href":"https:\/\/www.irissasuites.com\/fr\/wp-json\/wp\/v2\/media?parent=8045"}],"curies":[{"name":"wp","href":"https:\/\/api.w.org\/{rel}","templated":true}]}}