
{"id":8018,"date":"2021-08-09T13:03:26","date_gmt":"2021-08-09T10:03:26","guid":{"rendered":"https:\/\/www.irissasuites.com\/gallery-irissa-suites\/"},"modified":"2022-06-06T13:28:23","modified_gmt":"2022-06-06T10:28:23","slug":"gallery-irissa-suites","status":"publish","type":"page","link":"https:\/\/www.irissasuites.com\/fr\/gallery-irissa-suites\/","title":{"rendered":"Photos"},"content":{"rendered":"<p>[vc_row row_content_width=\u00a0\u00bbgrid\u00a0\u00bb css=\u00a0\u00bb.vc_custom_1511955592787{padding-top: 92px !important;padding-bottom: 79px !important;}\u00a0\u00bb][vc_column width=\u00a0\u00bb1\/3&Prime;]<div class=\"eltd-elements-holder   eltd-one-column  eltd-responsive-mode-768 \" ><div class=\"eltd-eh-item    \"  data-item-class=\"eltd-eh-custom-9364\" data-768-1024=\"0 14% 0 0\">\n\t<div class=\"eltd-eh-item-inner\">\n\t\t<div class=\"eltd-eh-item-content eltd-eh-custom-9364\" style=\"padding: 0 0 0 0\">\n\t\t\t[vc_column_text]<\/p>\n<h3 id=\"tw-target-text\" class=\"tw-data-text tw-text-large tw-ta\" dir=\"ltr\" data-placeholder=\"\u039c\u03b5\u03c4\u03ac\u03c6\u03c1\u03b1\u03c3\u03b7\"><span class=\"Y2IQFc\" lang=\"fr\">Voyez<\/span><\/h3>\n<p>[\/vc_column_text][vc_column_text]<\/p>\n<h3 style=\"font-weight: bold; margin-top: 0;\"><span class=\"Y2IQFc\" lang=\"fr\">nos Photos<\/span><\/h3>\n<p>[\/vc_column_text]\t\t<\/div>\n\t<\/div>\n<\/div><\/div>[vc_empty_space height=\u00a0\u00bb40px\u00a0\u00bb][\/vc_column][vc_column width=\u00a0\u00bb2\/3&Prime;]<div class=\"eltd-elements-holder   eltd-one-column  eltd-responsive-mode-768 \" ><div class=\"eltd-eh-item    \"  data-item-class=\"eltd-eh-custom-2935\" data-1024-1280=\"20px 30px 0 0px\">\n\t<div class=\"eltd-eh-item-inner\">\n\t\t<div class=\"eltd-eh-item-content eltd-eh-custom-2935\" style=\"padding: 31px 0 0 0\">\n\t\t\t[vc_column_text]<\/p>\n<p id=\"tw-target-text\" class=\"tw-data-text tw-text-large tw-ta\" dir=\"ltr\" data-placeholder=\"\u039c\u03b5\u03c4\u03ac\u03c6\u03c1\u03b1\u03c3\u03b7\"><span class=\"Y2IQFc\" lang=\"fr\">Nous vous souhaitons la bienvenue \u00e0 Nauplie, une ville sp\u00e9ciale qui charme chaque visiteur ! La beaut\u00e9 naturelle de la r\u00e9gion, la culture qui se diffuse dans tous les coins, les ruelles pittoresques et les gens souriants vous impresseront. De plus, personne n&rsquo;est venu \u00e0 Nauplie une seule fois!<\/span><\/p>\n<p>[\/vc_column_text]\t\t<\/div>\n\t<\/div>\n<\/div><\/div>[vc_empty_space height=\u00a0\u00bb40px\u00a0\u00bb][\/vc_column][\/vc_row][vc_row][vc_column][vc_column_text]<\/p>\n<p>[\/vc_column_text][\/vc_column][\/vc_row][vc_row el_class=\u00a0\u00bbcust-portfolio-cats\u00a0\u00bb][vc_column]<div class=\"eltd-portfolio-list-holder eltd-pl-gallery eltd-normal-space eltd-pl-three-columns eltd-pl-standard-shader    eltd-pl-pag-no-pagination     \"  data-type=gallery data-number-of-columns=3 data-space-between-items=normal data-number-of-items=-1 data-image-proportions=full data-enable-fixed-proportions=no data-enable-image-shadow=no data-category=irissa-suites-fr data-orderby=date data-order=ASC data-item-style=standard-shader data-enable-title=yes data-title-tag=h4 data-title-text-transform=capitalize data-enable-category=yes data-enable-count-images=no data-enable-excerpt=no data-excerpt-length=20 data-pagination-type=no-pagination data-filter=no data-filter-order-by=name data-enable-article-animation=no data-portfolio-slider-on=no data-enable-loop=yes data-enable-autoplay=yes data-slider-speed=5000 data-slider-speed-animation=600 data-enable-navigation=yes data-enable-pagination=yes data-max-num-pages=0 data-next-page=2>\n\t\t<div class=\"eltd-pl-inner eltd-outer-space  clearfix\">\n\t\t<article class=\"eltd-pl-item eltd-item-space  post-8015 portfolio-item type-portfolio-item status-publish has-post-thumbnail hentry portfolio-category-irissa-suites-fr\">\n\t<div class=\"eltd-pl-item-inner\">\n\t\t<div class=\"eltd-pli-image\">\n\t<img width=\"800\" height=\"1200\" src=\"https:\/\/www.irissasuites.com\/wp-content\/uploads\/2021\/09\/yiamouris_AY56069-Copy.jpg\" class=\"attachment-full size-full wp-post-image\" alt=\"\" loading=\"lazy\" srcset=\"https:\/\/www.irissasuites.com\/wp-content\/uploads\/2021\/09\/yiamouris_AY56069-Copy.jpg 800w, https:\/\/www.irissasuites.com\/wp-content\/uploads\/2021\/09\/yiamouris_AY56069-Copy-200x300.jpg 200w, https:\/\/www.irissasuites.com\/wp-content\/uploads\/2021\/09\/yiamouris_AY56069-Copy-683x1024.jpg 683w, https:\/\/www.irissasuites.com\/wp-content\/uploads\/2021\/09\/yiamouris_AY56069-Copy-768x1152.jpg 768w, https:\/\/www.irissasuites.com\/wp-content\/uploads\/2021\/09\/yiamouris_AY56069-Copy-600x900.jpg 600w\" sizes=\"(max-width: 800px) 100vw, 800px\" \/><\/div>\n<div class=\"eltd-pli-text-holder\">\n\t<div class=\"eltd-pli-text-wrapper\">\n\t\t<div class=\"eltd-pli-text\">\n\t\t\t\t<h4 itemprop=\"name\" class=\"eltd-pli-title entry-title\" style=\"text-transform: capitalize\">\n\t\tLes environs\t<\/h4>\n\n\t\t\t\t\t<div class=\"eltd-pli-category-holder\">\n\t\t\t<h6>\n\t\t\t\t\t\t\t\t\t<a itemprop=\"url\" class=\"eltd-pli-category\" href=\"https:\/\/www.irissasuites.com\/fr\/portfolio-category\/irissa-suites-fr\/\">Irissa Suites<\/a>\n\t\t\t\t\t\t\t<\/h6>\n\t\t<\/div>\n\t\n\t\t\t\n\t\t\t\t\t<\/div>\n\t<\/div>\n<\/div>\t\t\n\t\t<a itemprop=\"url\" class=\"eltd-pli-link eltd-block-drag-link\" href=\"https:\/\/www.irissasuites.com\/fr\/portfolio-item\/location\/\" target=\"_self\"><\/a>\n\t<\/div>\n<\/article><article class=\"eltd-pl-item eltd-item-space  post-8010 portfolio-item type-portfolio-item status-publish has-post-thumbnail hentry portfolio-category-irissa-suites-fr\">\n\t<div class=\"eltd-pl-item-inner\">\n\t\t<div class=\"eltd-pli-image\">\n\t<img width=\"799\" height=\"1200\" src=\"https:\/\/www.irissasuites.com\/wp-content\/uploads\/2021\/09\/yiamourisDJI_0218-Copy.jpg\" class=\"attachment-full size-full wp-post-image\" alt=\"\" loading=\"lazy\" srcset=\"https:\/\/www.irissasuites.com\/wp-content\/uploads\/2021\/09\/yiamourisDJI_0218-Copy.jpg 799w, https:\/\/www.irissasuites.com\/wp-content\/uploads\/2021\/09\/yiamourisDJI_0218-Copy-200x300.jpg 200w, https:\/\/www.irissasuites.com\/wp-content\/uploads\/2021\/09\/yiamourisDJI_0218-Copy-682x1024.jpg 682w, https:\/\/www.irissasuites.com\/wp-content\/uploads\/2021\/09\/yiamourisDJI_0218-Copy-768x1153.jpg 768w, https:\/\/www.irissasuites.com\/wp-content\/uploads\/2021\/09\/yiamourisDJI_0218-Copy-600x901.jpg 600w\" sizes=\"(max-width: 799px) 100vw, 799px\" \/><\/div>\n<div class=\"eltd-pli-text-holder\">\n\t<div class=\"eltd-pli-text-wrapper\">\n\t\t<div class=\"eltd-pli-text\">\n\t\t\t\t<h4 itemprop=\"name\" class=\"eltd-pli-title entry-title\" style=\"text-transform: capitalize\">\n\t\tPhotos ext\u00e9rieures\t<\/h4>\n\n\t\t\t\t\t<div class=\"eltd-pli-category-holder\">\n\t\t\t<h6>\n\t\t\t\t\t\t\t\t\t<a itemprop=\"url\" class=\"eltd-pli-category\" href=\"https:\/\/www.irissasuites.com\/fr\/portfolio-category\/irissa-suites-fr\/\">Irissa Suites<\/a>\n\t\t\t\t\t\t\t<\/h6>\n\t\t<\/div>\n\t\n\t\t\t\n\t\t\t\t\t<\/div>\n\t<\/div>\n<\/div>\t\t\n\t\t<a itemprop=\"url\" class=\"eltd-pli-link eltd-block-drag-link\" href=\"https:\/\/www.irissasuites.com\/fr\/portfolio-item\/exterior-photos\/\" target=\"_self\"><\/a>\n\t<\/div>\n<\/article><article class=\"eltd-pl-item eltd-item-space  post-8008 portfolio-item type-portfolio-item status-publish has-post-thumbnail hentry portfolio-category-irissa-suites-fr\">\n\t<div class=\"eltd-pl-item-inner\">\n\t\t<div class=\"eltd-pli-image\">\n\t<img width=\"800\" height=\"1200\" src=\"https:\/\/www.irissasuites.com\/wp-content\/uploads\/2021\/09\/yiamouris_AY55655-HDR-Copy.jpg\" class=\"attachment-full size-full wp-post-image\" alt=\"\" loading=\"lazy\" srcset=\"https:\/\/www.irissasuites.com\/wp-content\/uploads\/2021\/09\/yiamouris_AY55655-HDR-Copy.jpg 800w, https:\/\/www.irissasuites.com\/wp-content\/uploads\/2021\/09\/yiamouris_AY55655-HDR-Copy-200x300.jpg 200w, https:\/\/www.irissasuites.com\/wp-content\/uploads\/2021\/09\/yiamouris_AY55655-HDR-Copy-683x1024.jpg 683w, https:\/\/www.irissasuites.com\/wp-content\/uploads\/2021\/09\/yiamouris_AY55655-HDR-Copy-768x1152.jpg 768w, https:\/\/www.irissasuites.com\/wp-content\/uploads\/2021\/09\/yiamouris_AY55655-HDR-Copy-600x900.jpg 600w\" sizes=\"(max-width: 800px) 100vw, 800px\" \/><\/div>\n<div class=\"eltd-pli-text-holder\">\n\t<div class=\"eltd-pli-text-wrapper\">\n\t\t<div class=\"eltd-pli-text\">\n\t\t\t\t<h4 itemprop=\"name\" class=\"eltd-pli-title entry-title\" style=\"text-transform: capitalize\">\n\t\tPhotos de l&rsquo;int\u00e9rieur\t<\/h4>\n\n\t\t\t\t\t<div class=\"eltd-pli-category-holder\">\n\t\t\t<h6>\n\t\t\t\t\t\t\t\t\t<a itemprop=\"url\" class=\"eltd-pli-category\" href=\"https:\/\/www.irissasuites.com\/fr\/portfolio-category\/irissa-suites-fr\/\">Irissa Suites<\/a>\n\t\t\t\t\t\t\t<\/h6>\n\t\t<\/div>\n\t\n\t\t\t\n\t\t\t\t\t<\/div>\n\t<\/div>\n<\/div>\t\t\n\t\t<a itemprop=\"url\" class=\"eltd-pli-link eltd-block-drag-link\" href=\"https:\/\/www.irissasuites.com\/fr\/portfolio-item\/interior-gallery\/\" target=\"_self\"><\/a>\n\t<\/div>\n<\/article>\t<\/div>\n\t\n\t<\/div>[\/vc_column][\/vc_row][vc_row][vc_column][vc_empty_space][\/vc_column][\/vc_row]<\/p>\n","protected":false},"excerpt":{"rendered":"<p>[vc_row row_content_width=\u00a0\u00bbgrid\u00a0\u00bb css=\u00a0\u00bb.vc_custom_1511955592787{padding-top: 92px !important;padding-bottom: 79px !important;}\u00a0\u00bb][vc_column width=\u00a0\u00bb1\/3&Prime;][vc_empty_space height=\u00a0\u00bb40px\u00a0\u00bb][\/vc_column][vc_column width=\u00a0\u00bb2\/3&Prime;][vc_empty_space height=\u00a0\u00bb40px\u00a0\u00bb][\/vc_column][\/vc_row][vc_row][vc_column][vc_column_text] [\/vc_column_text][\/vc_column][\/vc_row][vc_row el_class=\u00a0\u00bbcust-portfolio-cats\u00a0\u00bb][vc_column][\/vc_column][\/vc_row][vc_row][vc_column][vc_empty_space][\/vc_column][\/vc_row]<\/p>\n","protected":false},"author":1,"featured_media":0,"parent":0,"menu_order":0,"comment_status":"closed","ping_status":"closed","template":"full-width.php","meta":[],"_links":{"self":[{"href":"https:\/\/www.irissasuites.com\/fr\/wp-json\/wp\/v2\/pages\/8018"}],"collection":[{"href":"https:\/\/www.irissasuites.com\/fr\/wp-json\/wp\/v2\/pages"}],"about":[{"href":"https:\/\/www.irissasuites.com\/fr\/wp-json\/wp\/v2\/types\/page"}],"author":[{"embeddable":true,"href":"https:\/\/www.irissasuites.com\/fr\/wp-json\/wp\/v2\/users\/1"}],"replies":[{"embeddable":true,"href":"https:\/\/www.irissasuites.com\/fr\/wp-json\/wp\/v2\/comments?post=8018"}],"version-history":[{"count":7,"href":"https:\/\/www.irissasuites.com\/fr\/wp-json\/wp\/v2\/pages\/8018\/revisions"}],"predecessor-version":[{"id":8118,"href":"https:\/\/www.irissasuites.com\/fr\/wp-json\/wp\/v2\/pages\/8018\/revisions\/8118"}],"wp:attachment":[{"href":"https:\/\/www.irissasuites.com\/fr\/wp-json\/wp\/v2\/media?parent=8018"}],"curies":[{"name":"wp","href":"https:\/\/api.w.org\/{rel}","templated":true}]}}