
{"id":7994,"date":"2021-08-09T13:03:06","date_gmt":"2021-08-09T10:03:06","guid":{"rendered":"https:\/\/www.irissasuites.com\/services\/"},"modified":"2025-01-17T15:41:16","modified_gmt":"2025-01-17T13:41:16","slug":"services","status":"publish","type":"page","link":"https:\/\/www.irissasuites.com\/fr\/services\/","title":{"rendered":"Services"},"content":{"rendered":"<p>[vc_row row_content_width=\u00a0\u00bbgrid\u00a0\u00bb css=\u00a0\u00bb.vc_custom_1630324945662{padding-top: 93px !important;padding-bottom: 60px !important;}\u00a0\u00bb][vc_column offset=\u00a0\u00bbvc_col-lg-12 vc_col-md-12&Prime;]<div class=\"eltd-elements-holder   eltd-two-columns  eltd-responsive-mode-768 \" ><div class=\"eltd-eh-item   eltd-horizontal-alignment-center \"  data-item-class=\"eltd-eh-custom-7258\" data-1280-1600=\"0 18%\" data-1024-1280=\"0 18%\" data-768-1024=\"0 10%\" data-680-768=\"0 0\" data-680=\"0 0\">\n\t<div class=\"eltd-eh-item-inner\">\n\t\t<div class=\"eltd-eh-item-content eltd-eh-custom-7258\" style=\"padding: 0 27%\">\n\t\t\t<div class=\"eltd-section-title-holder eltd-separator-disabled  \" >\n    <div class=\"eltd-section-title-inner\">\n                            <h2 class=\"eltd-st-title \" >\n                <span class=\"eltd-st-before\"><\/span>\n                <span>Services &amp; Installations<\/span>\n            <\/h2>\n                            <p class=\"eltd-st-text\" style=\"font-size: 18px;line-height: 30px\">Id\u00e9al pour les familles et les couples, Irissa Suites promet de vous offrir un s\u00e9jour confortable, avec un acc\u00e8s facile aux attractions locales.<\/p>\n                    <\/div>\n<\/div>\t\t<\/div>\n\t<\/div>\n<\/div><\/div>[\/vc_column][\/vc_row][vc_row full_width=\u00a0\u00bbstretch_row_content_no_spaces\u00a0\u00bb css=\u00a0\u00bb.vc_custom_1637152248228{margin-right: 30px !important;margin-bottom: 30px !important;margin-left: 30px !important;background-color: #f8f6f8 !important;background-position: center !important;background-repeat: no-repeat !important;background-size: contain !important;}\u00a0\u00bb][vc_column]<div class=\"eltd-elements-holder   eltd-two-columns  eltd-responsive-mode-1024 \" ><div class=\"eltd-eh-item   eltd-horizontal-alignment-center \"  data-item-class=\"eltd-eh-custom-8750\" data-1280-1600=\"0% 10% 32px 10%\" data-1024-1280=\"91px 10% 130px 10%\" data-768-1024=\"4% 24% 50px 24%\" data-680-768=\"14% 14% 0px 14%\" data-680=\"0 0\">\n\t<div class=\"eltd-eh-item-inner\">\n\t\t<div class=\"eltd-eh-item-content eltd-eh-custom-8750\" style=\"padding: 0% 24% 37px 24%\">\n\t\t\t<div class=\"eltd-section-title-holder eltd-separator-disabled  \" >\n    <div class=\"eltd-section-title-inner\">\n                    <h6 class=\"eltd-st-subtitle\" >\n                <span>Irissa Suites<\/span>\n            <\/h6>\n                            <h2 class=\"eltd-st-title \" style=\"margin-top: 22px\">\n                <span class=\"eltd-st-before\"><\/span>\n                <span>Prestations de haute qualit\u00e9<\/span>\n            <\/h2>\n                            <p class=\"eltd-st-text\" style=\"font-size: 15px;line-height: 27px;margin: 30px 29px 0 29px\">Irissa Suites est une nouvelle proposition pour vos vacances. Construit au milieu d\u2019une petite oliveraie, il offre une exp\u00e9rience d\u2019h\u00e9bergement merveilleuse et confortable. Il est situ\u00e9 \u00e0 500m de la mer et se compose de 5 maisons en pierre qui coexistent harmonieusement avec l\u2019environnement.<\/p>\n                    <\/div>\n<\/div>[vc_empty_space height=\u00a0\u00bb40px\u00a0\u00bb]\t\t<\/div>\n\t<\/div>\n<\/div><div class=\"eltd-eh-item    \"  data-item-class=\"eltd-eh-custom-1353\">\n\t<div class=\"eltd-eh-item-inner\">\n\t\t<div class=\"eltd-eh-item-content eltd-eh-custom-1353\" >\n\t\t\t<div class=\"eltd-image-gallery  eltd-ig-grid-type eltd-large-space     \">\n\t<div class=\"eltd-ig-inner eltd-outer-space eltd-ig-grid eltd-ig-two-columns\">\n\t\t\t\t\t<div class=\"eltd-ig-image eltd-item-space\">\n\t\t\t\t<div class=\"eltd-ig-image-inner\">\n\t\t\t\t\t\t\t\t\t\t\t<img width=\"1800\" height=\"1200\" src=\"https:\/\/www.irissasuites.com\/wp-content\/uploads\/2021\/09\/yiamouris_AY55697-HDR-Copy.jpg\" class=\"attachment-full size-full\" alt=\"\" loading=\"lazy\" srcset=\"https:\/\/www.irissasuites.com\/wp-content\/uploads\/2021\/09\/yiamouris_AY55697-HDR-Copy.jpg 1800w, https:\/\/www.irissasuites.com\/wp-content\/uploads\/2021\/09\/yiamouris_AY55697-HDR-Copy-300x200.jpg 300w, https:\/\/www.irissasuites.com\/wp-content\/uploads\/2021\/09\/yiamouris_AY55697-HDR-Copy-1024x683.jpg 1024w, https:\/\/www.irissasuites.com\/wp-content\/uploads\/2021\/09\/yiamouris_AY55697-HDR-Copy-768x512.jpg 768w, https:\/\/www.irissasuites.com\/wp-content\/uploads\/2021\/09\/yiamouris_AY55697-HDR-Copy-1536x1024.jpg 1536w, https:\/\/www.irissasuites.com\/wp-content\/uploads\/2021\/09\/yiamouris_AY55697-HDR-Copy-600x400.jpg 600w\" sizes=\"(max-width: 1800px) 100vw, 1800px\" \/>\t\t\t\t\t\t\t\t\t<\/div>\n\t\t\t<\/div>\n\t\t\t\t\t<div class=\"eltd-ig-image eltd-item-space\">\n\t\t\t\t<div class=\"eltd-ig-image-inner\">\n\t\t\t\t\t\t\t\t\t\t\t<img width=\"1800\" height=\"1200\" src=\"https:\/\/www.irissasuites.com\/wp-content\/uploads\/2021\/09\/yiamouris_AY55803-2-Copy.jpg\" class=\"attachment-full size-full\" alt=\"\" loading=\"lazy\" srcset=\"https:\/\/www.irissasuites.com\/wp-content\/uploads\/2021\/09\/yiamouris_AY55803-2-Copy.jpg 1800w, https:\/\/www.irissasuites.com\/wp-content\/uploads\/2021\/09\/yiamouris_AY55803-2-Copy-300x200.jpg 300w, https:\/\/www.irissasuites.com\/wp-content\/uploads\/2021\/09\/yiamouris_AY55803-2-Copy-1024x683.jpg 1024w, https:\/\/www.irissasuites.com\/wp-content\/uploads\/2021\/09\/yiamouris_AY55803-2-Copy-768x512.jpg 768w, https:\/\/www.irissasuites.com\/wp-content\/uploads\/2021\/09\/yiamouris_AY55803-2-Copy-1536x1024.jpg 1536w, https:\/\/www.irissasuites.com\/wp-content\/uploads\/2021\/09\/yiamouris_AY55803-2-Copy-600x400.jpg 600w\" sizes=\"(max-width: 1800px) 100vw, 1800px\" \/>\t\t\t\t\t\t\t\t\t<\/div>\n\t\t\t<\/div>\n\t\t\t\t\t<div class=\"eltd-ig-image eltd-item-space\">\n\t\t\t\t<div class=\"eltd-ig-image-inner\">\n\t\t\t\t\t\t\t\t\t\t\t<img width=\"1800\" height=\"1200\" src=\"https:\/\/www.irissasuites.com\/wp-content\/uploads\/2021\/09\/yiamouris_AY55927-HDR-Copy.jpg\" class=\"attachment-full size-full\" alt=\"\" loading=\"lazy\" srcset=\"https:\/\/www.irissasuites.com\/wp-content\/uploads\/2021\/09\/yiamouris_AY55927-HDR-Copy.jpg 1800w, https:\/\/www.irissasuites.com\/wp-content\/uploads\/2021\/09\/yiamouris_AY55927-HDR-Copy-300x200.jpg 300w, https:\/\/www.irissasuites.com\/wp-content\/uploads\/2021\/09\/yiamouris_AY55927-HDR-Copy-1024x683.jpg 1024w, https:\/\/www.irissasuites.com\/wp-content\/uploads\/2021\/09\/yiamouris_AY55927-HDR-Copy-768x512.jpg 768w, https:\/\/www.irissasuites.com\/wp-content\/uploads\/2021\/09\/yiamouris_AY55927-HDR-Copy-1536x1024.jpg 1536w, https:\/\/www.irissasuites.com\/wp-content\/uploads\/2021\/09\/yiamouris_AY55927-HDR-Copy-600x400.jpg 600w\" sizes=\"(max-width: 1800px) 100vw, 1800px\" \/>\t\t\t\t\t\t\t\t\t<\/div>\n\t\t\t<\/div>\n\t\t\t\t\t<div class=\"eltd-ig-image eltd-item-space\">\n\t\t\t\t<div class=\"eltd-ig-image-inner\">\n\t\t\t\t\t\t\t\t\t\t\t<img width=\"1800\" height=\"1200\" src=\"https:\/\/www.irissasuites.com\/wp-content\/uploads\/2025\/01\/CKK_3910-20240928-2-Copy.jpg\" class=\"attachment-full size-full\" alt=\"\" loading=\"lazy\" srcset=\"https:\/\/www.irissasuites.com\/wp-content\/uploads\/2025\/01\/CKK_3910-20240928-2-Copy.jpg 1800w, https:\/\/www.irissasuites.com\/wp-content\/uploads\/2025\/01\/CKK_3910-20240928-2-Copy-300x200.jpg 300w, https:\/\/www.irissasuites.com\/wp-content\/uploads\/2025\/01\/CKK_3910-20240928-2-Copy-1024x683.jpg 1024w, https:\/\/www.irissasuites.com\/wp-content\/uploads\/2025\/01\/CKK_3910-20240928-2-Copy-768x512.jpg 768w, https:\/\/www.irissasuites.com\/wp-content\/uploads\/2025\/01\/CKK_3910-20240928-2-Copy-1536x1024.jpg 1536w\" sizes=\"(max-width: 1800px) 100vw, 1800px\" \/>\t\t\t\t\t\t\t\t\t<\/div>\n\t\t\t<\/div>\n\t\t\t<\/div>\n<\/div>\t\t<\/div>\n\t<\/div>\n<\/div><\/div>[\/vc_column][\/vc_row][vc_row][vc_column width=\u00a0\u00bb1\/5&Prime;][vc_empty_space height=\u00a0\u00bb15px\u00a0\u00bb]<div class=\"eltd-elements-holder cust-services-icon-text  eltd-one-column  eltd-responsive-mode-768 \" ><div class=\"eltd-eh-item    \"  data-item-class=\"eltd-eh-custom-1870\" data-1024-1280=\"0 7% 0 0\" data-768-1024=\"0 4% 0 0\" data-680-768=\"0 35% 0 0\">\n\t<div class=\"eltd-eh-item-inner\">\n\t\t<div class=\"eltd-eh-item-content eltd-eh-custom-1870\" style=\"padding: 0 10% 0 0\">\n\t\t\t<div class=\"eltd-iwt clearfix  eltd-iwt-icon-top eltd-iwt-icon-medium eltd-iwt-cont-left\">\n\t<div class=\"eltd-iwt-icon\">\n\t\t\t\t\t\t\t\t\t<img width=\"64\" height=\"64\" src=\"https:\/\/www.irissasuites.com\/wp-content\/uploads\/2021\/08\/bed.png\" class=\"attachment-full size-full\" alt=\"\" loading=\"lazy\" \/>\t\t\t\t\t\t<\/div>\n\t<div class=\"eltd-iwt-content\" >\n\t\t\t\t\t<h4 class=\"eltd-iwt-title\" >\n\t\t\t\t\t\t\t\t<span class=\"eltd-iwt-title-text\">H\u00e9bergement luxueux<\/span>\n\t\t\t\t\t\t\t<\/h4>\n\t\t\t\t\t\t\t<p class=\"eltd-iwt-text\" >Nos chambres et suites offrent le summum de la d\u00e9tente pendant votre s\u00e9jour, dans un environnement magnifique, soign\u00e9 et convivial avec des vues incroyables.<\/p>\n\t\t\t<\/div>\n<\/div>[vc_empty_space height=\u00a0\u00bb55px\u00a0\u00bb]\t\t<\/div>\n\t<\/div>\n<\/div><\/div>[\/vc_column][vc_column width=\u00a0\u00bb1\/5&Prime;][vc_empty_space height=\u00a0\u00bb15px\u00a0\u00bb]<div class=\"eltd-elements-holder cust-services-icon-text  eltd-one-column  eltd-responsive-mode-768 \" ><div class=\"eltd-eh-item    \"  data-item-class=\"eltd-eh-custom-2694\" data-1024-1280=\"0 0 0 4%\" data-768-1024=\"0 4% 0 0\" data-680-768=\"0 35% 0 0\">\n\t<div class=\"eltd-eh-item-inner\">\n\t\t<div class=\"eltd-eh-item-content eltd-eh-custom-2694\" style=\"padding: 0 4% 0 6.3%\">\n\t\t\t<div class=\"eltd-iwt clearfix  eltd-iwt-icon-top eltd-iwt-icon-medium \">\n\t<div class=\"eltd-iwt-icon\">\n\t\t\t\t\t\t\t\t\t<img width=\"60\" height=\"60\" src=\"https:\/\/www.irissasuites.com\/wp-content\/uploads\/2021\/08\/tourism-copy.png\" class=\"attachment-full size-full\" alt=\"\" loading=\"lazy\" \/>\t\t\t\t\t\t<\/div>\n\t<div class=\"eltd-iwt-content\" >\n\t\t\t\t\t<h4 class=\"eltd-iwt-title\" >\n\t\t\t\t\t\t\t\t<span class=\"eltd-iwt-title-text\">Arriv\u00e9e \/ D\u00e9part<\/span>\n\t\t\t\t\t\t\t<\/h4>\n\t\t\t\t\t\t\t<p class=\"eltd-iwt-text\" >L&#039;heure d&#039;enregistrement commence \u00e0 15h00. et le d\u00e9part est jusqu&#039;\u00e0 11h00. Les heures de d\u00e9part sont susceptibles d&#039;\u00eatre modifi\u00e9es sur demande.<\/p>\n\t\t\t<\/div>\n<\/div>[vc_empty_space height=\u00a0\u00bb60px\u00a0\u00bb]\t\t<\/div>\n\t<\/div>\n<\/div><\/div>[\/vc_column][vc_column width=\u00a0\u00bb1\/5&Prime;]<div class=\"eltd-elements-holder cust-services-icon-text  eltd-one-column  eltd-responsive-mode-768 \" ><div class=\"eltd-eh-item    \"  data-item-class=\"eltd-eh-custom-4917\" data-1024-1280=\"0 7% 0 0\" data-768-1024=\"0 4% 0 0\" data-680-768=\"0 35% 0 0\">\n\t<div class=\"eltd-eh-item-inner\">\n\t\t<div class=\"eltd-eh-item-content eltd-eh-custom-4917\" style=\"padding: 0 10% 0 0\">\n\t\t\t<div class=\"eltd-iwt clearfix  eltd-iwt-icon-top eltd-iwt-icon-medium \">\n\t<div class=\"eltd-iwt-icon\">\n\t\t\t\t\t\t\t\t\t<img width=\"71\" height=\"73\" src=\"https:\/\/www.irissasuites.com\/wp-content\/uploads\/2021\/08\/About-us-custom-icon-4.png\" class=\"attachment-full size-full\" alt=\"\" loading=\"lazy\" \/>\t\t\t\t\t\t<\/div>\n\t<div class=\"eltd-iwt-content\" >\n\t\t\t\t\t<h4 class=\"eltd-iwt-title\" >\n\t\t\t\t\t\t\t\t<span class=\"eltd-iwt-title-text\">R\u00e9servations en ligne<\/span>\n\t\t\t\t\t\t\t<\/h4>\n\t\t\t\t\t\t\t<p class=\"eltd-iwt-text\" >Effectuez vos r\u00e9servations en ligne en quelques clics directement depuis le site de notre h\u00f4tel et profitez de nos offres.<\/p>\n\t\t\t<\/div>\n<\/div>[vc_empty_space height=\u00a0\u00bb55px\u00a0\u00bb]\t\t<\/div>\n\t<\/div>\n<\/div><\/div>[\/vc_column][vc_column width=\u00a0\u00bb1\/5&Prime;][vc_empty_space height=\u00a0\u00bb11px\u00a0\u00bb]<div class=\"eltd-elements-holder cust-services-icon-text  eltd-one-column  eltd-responsive-mode-768 \" ><div class=\"eltd-eh-item    \"  data-item-class=\"eltd-eh-custom-7271\" data-1024-1280=\"0 0% 0 7%\" data-768-1024=\"0 4% 0 0\" data-680-768=\"0 35% 0 0\">\n\t<div class=\"eltd-eh-item-inner\">\n\t\t<div class=\"eltd-eh-item-content eltd-eh-custom-7271\" style=\"padding: 0 0% 0 12%\">\n\t\t\t<div class=\"eltd-iwt clearfix  eltd-iwt-icon-top eltd-iwt-icon-medium \">\n\t<div class=\"eltd-iwt-icon\">\n\t\t\t\t\t\t\t\t\t<img width=\"64\" height=\"64\" src=\"https:\/\/www.irissasuites.com\/wp-content\/uploads\/2021\/11\/spa-1.png\" class=\"attachment-full size-full\" alt=\"\" loading=\"lazy\" \/>\t\t\t\t\t\t<\/div>\n\t<div class=\"eltd-iwt-content\" >\n\t\t\t\t\t<h4 class=\"eltd-iwt-title\" >\n\t\t\t\t\t\t\t\t<span class=\"eltd-iwt-title-text\">Soins esth\u00e9tiques \/ massages<\/span>\n\t\t\t\t\t\t\t<\/h4>\n\t\t\t\t\t\t\t<p class=\"eltd-iwt-text\" >Sur demande - d&#039;un partenaire externe.<\/p>\n\t\t\t<\/div>\n<\/div>[vc_empty_space height=\u00a0\u00bb60px\u00a0\u00bb]\t\t<\/div>\n\t<\/div>\n<\/div><\/div>[\/vc_column][vc_column width=\u00a0\u00bb1\/5&Prime;][vc_empty_space height=\u00a0\u00bb11px\u00a0\u00bb]<div class=\"eltd-elements-holder cust-services-icon-text  eltd-one-column  eltd-responsive-mode-768 \" ><div class=\"eltd-eh-item    \"  data-item-class=\"eltd-eh-custom-7177\" data-1024-1280=\"0 0% 0 7%\" data-768-1024=\"0 4% 0 0\" data-680-768=\"0 35% 0 0\">\n\t<div class=\"eltd-eh-item-inner\">\n\t\t<div class=\"eltd-eh-item-content eltd-eh-custom-7177\" style=\"padding: 0 0% 0 12%\">\n\t\t\t<div class=\"eltd-iwt clearfix  eltd-iwt-icon-top eltd-iwt-icon-medium \">\n\t<div class=\"eltd-iwt-icon\">\n\t\t\t\t\t\t\t\t\t<img width=\"64\" height=\"64\" src=\"https:\/\/www.irissasuites.com\/wp-content\/uploads\/2023\/06\/\u03b5\u03b4\u03b5\u03b4\u03b5\u03b4\u03b5\u03b4\u03b4\u03b5\u03b5\u03b4\u03b5\u03b4\u03b5\u03b4.png\" class=\"attachment-full size-full\" alt=\"\" loading=\"lazy\" \/>\t\t\t\t\t\t<\/div>\n\t<div class=\"eltd-iwt-content\" >\n\t\t\t\t\t<h4 class=\"eltd-iwt-title\" >\n\t\t\t\t\t\t\t\t<span class=\"eltd-iwt-title-text\">24-Heures R\u00e9ception<\/span>\n\t\t\t\t\t\t\t<\/h4>\n\t\t\t\t\t\t\t<p class=\"eltd-iwt-text\" >Il y a une possibilit\u00e9 disponible pour la r\u00e9ception 24 heures sur 24 de nos clients.<\/p>\n\t\t\t<\/div>\n<\/div>[vc_empty_space height=\u00a0\u00bb60px\u00a0\u00bb]\t\t<\/div>\n\t<\/div>\n<\/div><\/div>[\/vc_column][\/vc_row][vc_row][vc_column][vc_empty_space][\/vc_column][\/vc_row]<\/p>\n","protected":false},"excerpt":{"rendered":"<p>[vc_row row_content_width=\u00a0\u00bbgrid\u00a0\u00bb css=\u00a0\u00bb.vc_custom_1630324945662{padding-top: 93px !important;padding-bottom: 60px !important;}\u00a0\u00bb][vc_column offset=\u00a0\u00bbvc_col-lg-12 vc_col-md-12&Prime;][\/vc_column][\/vc_row][vc_row full_width=\u00a0\u00bbstretch_row_content_no_spaces\u00a0\u00bb css=\u00a0\u00bb.vc_custom_1637152248228{margin-right: 30px !important;margin-bottom: 30px !important;margin-left: 30px !important;background-color: #f8f6f8 !important;background-position: [&hellip;]<\/p>\n","protected":false},"author":1,"featured_media":0,"parent":0,"menu_order":0,"comment_status":"closed","ping_status":"closed","template":"","meta":[],"_links":{"self":[{"href":"https:\/\/www.irissasuites.com\/fr\/wp-json\/wp\/v2\/pages\/7994"}],"collection":[{"href":"https:\/\/www.irissasuites.com\/fr\/wp-json\/wp\/v2\/pages"}],"about":[{"href":"https:\/\/www.irissasuites.com\/fr\/wp-json\/wp\/v2\/types\/page"}],"author":[{"embeddable":true,"href":"https:\/\/www.irissasuites.com\/fr\/wp-json\/wp\/v2\/users\/1"}],"replies":[{"embeddable":true,"href":"https:\/\/www.irissasuites.com\/fr\/wp-json\/wp\/v2\/comments?post=7994"}],"version-history":[{"count":9,"href":"https:\/\/www.irissasuites.com\/fr\/wp-json\/wp\/v2\/pages\/7994\/revisions"}],"predecessor-version":[{"id":8371,"href":"https:\/\/www.irissasuites.com\/fr\/wp-json\/wp\/v2\/pages\/7994\/revisions\/8371"}],"wp:attachment":[{"href":"https:\/\/www.irissasuites.com\/fr\/wp-json\/wp\/v2\/media?parent=7994"}],"curies":[{"name":"wp","href":"https:\/\/api.w.org\/{rel}","templated":true}]}}