
{"id":7988,"date":"2021-08-09T13:02:32","date_gmt":"2021-08-09T10:02:32","guid":{"rendered":"https:\/\/www.irissasuites.com\/sightseeings\/"},"modified":"2022-06-09T11:11:51","modified_gmt":"2022-06-09T08:11:51","slug":"sightseeings","status":"publish","type":"page","link":"https:\/\/www.irissasuites.com\/fr\/sightseeings\/","title":{"rendered":"Curiosit\u00e9s"},"content":{"rendered":"<p>[vc_row content_text_aligment=\u00a0\u00bbcenter\u00a0\u00bb simple_background_color=\u00a0\u00bb#f8f6f8&Prime; css=\u00a0\u00bb.vc_custom_1628508977355{margin-right: 30px !important;margin-bottom: 30px !important;margin-left: 30px !important;padding-top: 102px !important;padding-bottom: 84px !important;background-color: #ffffff !important;}\u00a0\u00bb][vc_column]<div class=\"eltd-section-title-holder eltd-separator-disabled  \" >\n    <div class=\"eltd-section-title-inner\">\n                            <h2 class=\"eltd-st-title \" >\n                <span class=\"eltd-st-before\"><\/span>\n                <span>Emplacement unique<\/span>\n            <\/h2>\n                            <p class=\"eltd-st-text\" style=\"font-size: 18px;line-height: 27px;margin: 15\">Nous vous souhaitons la bienvenue \u00e0 Nauplie, une ville sp\u00e9ciale qui charme chaque visiteur ! La beaut\u00e9 naturelle de la r\u00e9gion, la culture qui se diffuse dans tous les coins, les ruelles pittoresques et les gens souriants vous impresseront. De plus, personne n&#039;est venu \u00e0 Nauplie une seule fois<\/p>\n                    <\/div>\n<\/div>[vc_empty_space height=\u00a0\u00bb64px\u00a0\u00bb][vc_row_inner row_content_width=\u00a0\u00bbgrid\u00a0\u00bb css=\u00a0\u00bb.vc_custom_1628508985636{background-color: #ffffff !important;}\u00a0\u00bb][vc_column_inner offset=\u00a0\u00bbvc_col-lg-4 vc_col-md-4&Prime;]<div class=\"eltd-image-with-text-holder   eltd-image-behavior-zoom\">\n    <div class=\"eltd-iwt-image\">\n                                    <img width=\"1200\" height=\"824\" src=\"https:\/\/www.irissasuites.com\/wp-content\/uploads\/2021\/09\/Untitled-2-2.jpg\" class=\"attachment-full size-full\" alt=\"\" loading=\"lazy\" srcset=\"https:\/\/www.irissasuites.com\/wp-content\/uploads\/2021\/09\/Untitled-2-2.jpg 1200w, https:\/\/www.irissasuites.com\/wp-content\/uploads\/2021\/09\/Untitled-2-2-300x206.jpg 300w, https:\/\/www.irissasuites.com\/wp-content\/uploads\/2021\/09\/Untitled-2-2-1024x703.jpg 1024w, https:\/\/www.irissasuites.com\/wp-content\/uploads\/2021\/09\/Untitled-2-2-768x527.jpg 768w, https:\/\/www.irissasuites.com\/wp-content\/uploads\/2021\/09\/Untitled-2-2-600x412.jpg 600w\" sizes=\"(max-width: 1200px) 100vw, 1200px\" \/>                        <\/div>\n    <div class=\"eltd-iwt-text-holder\">\n                    <h4 class=\"eltd-iwt-title\" style=\"margin-top: 40px\">Vieux Epidaure<\/h4>\n        \t\t            <p class=\"eltd-iwt-text\" >Dans l\u2019Antiquit\u00e9, \u00c9pidaure \u00e9tait le lieu de culte le plus important du dieu Ascl\u00e9pios (dieu de la m\u00e9decine). Son nom vient de l\u2019ancien h\u00e9ros Epidaure, fils d\u2019Argos. Il est devenu c\u00e9l\u00e8bre dans toute la Gr\u00e8ce gr\u00e2ce \u00e0 son sanctuaire d\u2019Ascl\u00e9pios et le th\u00e9\u00e2tre d\u2019Epidaure. Il est \u00e0 environ 30 km de la ville de Nauplie. Il fait partie du patrimoine culturel mondial de l\u2019UNESCO depuis 1988.<\/p>\n            <\/div>\n<\/div>[vc_empty_space height=\u00a0\u00bb40px\u00a0\u00bb][\/vc_column_inner][vc_column_inner offset=\u00a0\u00bbvc_col-lg-4 vc_col-md-4&Prime;]<div class=\"eltd-image-with-text-holder   eltd-image-behavior-zoom\">\n    <div class=\"eltd-iwt-image\">\n                                    <img width=\"1200\" height=\"824\" src=\"https:\/\/www.irissasuites.com\/wp-content\/uploads\/2021\/09\/Untitled-2-3.jpg\" class=\"attachment-full size-full\" alt=\"\" loading=\"lazy\" srcset=\"https:\/\/www.irissasuites.com\/wp-content\/uploads\/2021\/09\/Untitled-2-3.jpg 1200w, https:\/\/www.irissasuites.com\/wp-content\/uploads\/2021\/09\/Untitled-2-3-300x206.jpg 300w, https:\/\/www.irissasuites.com\/wp-content\/uploads\/2021\/09\/Untitled-2-3-1024x703.jpg 1024w, https:\/\/www.irissasuites.com\/wp-content\/uploads\/2021\/09\/Untitled-2-3-768x527.jpg 768w, https:\/\/www.irissasuites.com\/wp-content\/uploads\/2021\/09\/Untitled-2-3-600x412.jpg 600w\" sizes=\"(max-width: 1200px) 100vw, 1200px\" \/>                        <\/div>\n    <div class=\"eltd-iwt-text-holder\">\n                    <h4 class=\"eltd-iwt-title\" style=\"margin-top: 40px\">Th\u00e9\u00e2tre antique d\u2019Epidaure<\/h4>\n        \t\t            <p class=\"eltd-iwt-text\" style=\"margin-top: 20px\">Le th\u00e9\u00e2tre antique a \u00e9t\u00e9 construit en 2 phases : fin du 4\u00e8me si\u00e8cle avant JC et milieu du 2\u00e8me si\u00e8cle avant JC. Il a \u00e9t\u00e9 construit par l\u2019architecte Polykleitos. Il peut accueillir jusqu\u2018 \u00e0 13mm spectateurs. Dans l\u2019antiquit\u00e9 et jusqu\u2019\u00e0 aujourd\u2019hui, il accueille des repr\u00e9sentations de drame antique.<\/p>\n            <\/div>\n<\/div>[vc_empty_space height=\u00a0\u00bb40px\u00a0\u00bb][\/vc_column_inner][vc_column_inner offset=\u00a0\u00bbvc_col-lg-4 vc_col-md-4&Prime;]<div class=\"eltd-image-with-text-holder   eltd-image-behavior-zoom\">\n    <div class=\"eltd-iwt-image\">\n                                    <img width=\"874\" height=\"600\" src=\"https:\/\/www.irissasuites.com\/wp-content\/uploads\/2021\/09\/Untitled-2-4.jpg\" class=\"attachment-full size-full\" alt=\"\" loading=\"lazy\" srcset=\"https:\/\/www.irissasuites.com\/wp-content\/uploads\/2021\/09\/Untitled-2-4.jpg 874w, https:\/\/www.irissasuites.com\/wp-content\/uploads\/2021\/09\/Untitled-2-4-300x206.jpg 300w, https:\/\/www.irissasuites.com\/wp-content\/uploads\/2021\/09\/Untitled-2-4-768x527.jpg 768w, https:\/\/www.irissasuites.com\/wp-content\/uploads\/2021\/09\/Untitled-2-4-600x412.jpg 600w\" sizes=\"(max-width: 874px) 100vw, 874px\" \/>                        <\/div>\n    <div class=\"eltd-iwt-text-holder\">\n                    <h4 class=\"eltd-iwt-title\" style=\"margin-top: 40px\">Myc\u00e8nes<\/h4>\n        \t\t            <p class=\"eltd-iwt-text\" style=\"margin-top: 20px\">Myc\u00e8nes \u00e9tait l\u2019un des plus grands centres de la culture grecque dans l\u2019Antiquit\u00e9. Ils ont donn\u00e9 leur nom \u00e0 toute une p\u00e9riode qui s\u2019\u00e9tend de 1600 av. J.-C. \u00e0 1100 av. J.-C. (Myc\u00e9nienne). Son roi Agamemnon \u00e9tait le chef des Ach\u00e9ens lors de la guerre de Troie. De cette \u00e9poque, de nombreuses ruines imposantes sont conserv\u00e9es, telles que la porte des Lionnes, des tombes \u00e0 fosse ou \u00e0 coupole et d\u2019autres qui sont situ\u00e9es sur le site arch\u00e9ologique.<\/p>\n            <\/div>\n<\/div>[vc_empty_space height=\u00a0\u00bb40px\u00a0\u00bb][\/vc_column_inner][\/vc_row_inner][vc_row_inner row_content_width=\u00a0\u00bbgrid\u00a0\u00bb css=\u00a0\u00bb.vc_custom_1628508985636{background-color: #ffffff !important;}\u00a0\u00bb][vc_column_inner offset=\u00a0\u00bbvc_col-lg-4 vc_col-md-4&Prime;]<div class=\"eltd-image-with-text-holder   eltd-image-behavior-zoom\">\n    <div class=\"eltd-iwt-image\">\n                                    <img width=\"1600\" height=\"900\" src=\"https:\/\/www.irissasuites.com\/wp-content\/uploads\/2021\/08\/the_venetians_grand_fortification_in_nafplio_is_also_a_landmark_symbol_of_freedom_for_greeks-1.jpg\" class=\"attachment-full size-full\" alt=\"\" loading=\"lazy\" srcset=\"https:\/\/www.irissasuites.com\/wp-content\/uploads\/2021\/08\/the_venetians_grand_fortification_in_nafplio_is_also_a_landmark_symbol_of_freedom_for_greeks-1.jpg 1600w, https:\/\/www.irissasuites.com\/wp-content\/uploads\/2021\/08\/the_venetians_grand_fortification_in_nafplio_is_also_a_landmark_symbol_of_freedom_for_greeks-1-600x338.jpg 600w, https:\/\/www.irissasuites.com\/wp-content\/uploads\/2021\/08\/the_venetians_grand_fortification_in_nafplio_is_also_a_landmark_symbol_of_freedom_for_greeks-1-300x169.jpg 300w, https:\/\/www.irissasuites.com\/wp-content\/uploads\/2021\/08\/the_venetians_grand_fortification_in_nafplio_is_also_a_landmark_symbol_of_freedom_for_greeks-1-1024x576.jpg 1024w, https:\/\/www.irissasuites.com\/wp-content\/uploads\/2021\/08\/the_venetians_grand_fortification_in_nafplio_is_also_a_landmark_symbol_of_freedom_for_greeks-1-768x432.jpg 768w, https:\/\/www.irissasuites.com\/wp-content\/uploads\/2021\/08\/the_venetians_grand_fortification_in_nafplio_is_also_a_landmark_symbol_of_freedom_for_greeks-1-1536x864.jpg 1536w\" sizes=\"(max-width: 1600px) 100vw, 1600px\" \/>                        <\/div>\n    <div class=\"eltd-iwt-text-holder\">\n                    <h4 class=\"eltd-iwt-title\" style=\"margin-top: 40px\">Palam\u00e8de<\/h4>\n        \t\t            <p class=\"eltd-iwt-text\" >Aucun endroit ne repr\u00e9sente mieux l&#039;esprit et l&#039;histoire de Nauplie que la forteresse de Palam\u00e8de. Construite en trois ans \u00e0 peine au d\u00e9but du XVIIIe si\u00e8cle, elle est peut-\u00eatre la plus belle fortification v\u00e9nitienne en Gr\u00e8ce et montre, par ses dimensions, la valeur que les V\u00e9nitiens attribuaient \u00e0 Nauplie.<\/p>\n            <\/div>\n<\/div>[vc_empty_space height=\u00a0\u00bb40px\u00a0\u00bb][\/vc_column_inner][vc_column_inner offset=\u00a0\u00bbvc_col-lg-4 vc_col-md-4&Prime;]<div class=\"eltd-image-with-text-holder   eltd-image-behavior-zoom\">\n    <div class=\"eltd-iwt-image\">\n                                    <img width=\"1600\" height=\"900\" src=\"https:\/\/www.irissasuites.com\/wp-content\/uploads\/2021\/08\/nafplion_town_as_seen_from_palamidi_castle-1.jpg\" class=\"attachment-full size-full\" alt=\"\" loading=\"lazy\" srcset=\"https:\/\/www.irissasuites.com\/wp-content\/uploads\/2021\/08\/nafplion_town_as_seen_from_palamidi_castle-1.jpg 1600w, https:\/\/www.irissasuites.com\/wp-content\/uploads\/2021\/08\/nafplion_town_as_seen_from_palamidi_castle-1-600x338.jpg 600w, https:\/\/www.irissasuites.com\/wp-content\/uploads\/2021\/08\/nafplion_town_as_seen_from_palamidi_castle-1-300x169.jpg 300w, https:\/\/www.irissasuites.com\/wp-content\/uploads\/2021\/08\/nafplion_town_as_seen_from_palamidi_castle-1-1024x576.jpg 1024w, https:\/\/www.irissasuites.com\/wp-content\/uploads\/2021\/08\/nafplion_town_as_seen_from_palamidi_castle-1-768x432.jpg 768w, https:\/\/www.irissasuites.com\/wp-content\/uploads\/2021\/08\/nafplion_town_as_seen_from_palamidi_castle-1-1536x864.jpg 1536w\" sizes=\"(max-width: 1600px) 100vw, 1600px\" \/>                        <\/div>\n    <div class=\"eltd-iwt-text-holder\">\n                    <h4 class=\"eltd-iwt-title\" style=\"margin-top: 40px\">Bourtzi<\/h4>\n        \t\t            <p class=\"eltd-iwt-text\" style=\"margin-top: 20px\">De loin, elle ressemble \u00e0 une sculpture en pierre. Lorsque vous traverserez avec un petit bateau les quelques m\u00e8tres qui s\u00e9parent l\u2019\u00eelot de Aghioi Th\u00e9odoroi de la c\u00f4te et vous arriverez au fort v\u00e9nitien de 1473, vous d\u00e9couvrirez son architecture hexagonale.<\/p>\n            <\/div>\n<\/div>[vc_empty_space height=\u00a0\u00bb40px\u00a0\u00bb][\/vc_column_inner][vc_column_inner offset=\u00a0\u00bbvc_col-lg-4 vc_col-md-4&Prime;]<div class=\"eltd-image-with-text-holder   eltd-image-behavior-zoom\">\n    <div class=\"eltd-iwt-image\">\n                                    <img width=\"1600\" height=\"900\" src=\"https:\/\/www.irissasuites.com\/wp-content\/uploads\/2021\/08\/nafplion_town.jpg\" class=\"attachment-full size-full\" alt=\"\" loading=\"lazy\" srcset=\"https:\/\/www.irissasuites.com\/wp-content\/uploads\/2021\/08\/nafplion_town.jpg 1600w, https:\/\/www.irissasuites.com\/wp-content\/uploads\/2021\/08\/nafplion_town-600x338.jpg 600w, https:\/\/www.irissasuites.com\/wp-content\/uploads\/2021\/08\/nafplion_town-300x169.jpg 300w, https:\/\/www.irissasuites.com\/wp-content\/uploads\/2021\/08\/nafplion_town-1024x576.jpg 1024w, https:\/\/www.irissasuites.com\/wp-content\/uploads\/2021\/08\/nafplion_town-768x432.jpg 768w, https:\/\/www.irissasuites.com\/wp-content\/uploads\/2021\/08\/nafplion_town-1536x864.jpg 1536w\" sizes=\"(max-width: 1600px) 100vw, 1600px\" \/>                        <\/div>\n    <div class=\"eltd-iwt-text-holder\">\n                    <h4 class=\"eltd-iwt-title\" style=\"margin-top: 40px\">Syntagma Square<\/h4>\n        \t\t            <p class=\"eltd-iwt-text\" style=\"margin-top: 20px\">Almost in the center of Nafplio you will find Syntagma Square with beautiful neoclassical buildings and view of Palamidi. The square is surrounded by several historic buildings, such as the Archaeological Museum, the old State House, the palace of Ioannis Kapodistrias, the house of Theodoros Kolokotronis and the church of Agios Georgios.<\/p>\n            <\/div>\n<\/div>[vc_empty_space height=\u00a0\u00bb40px\u00a0\u00bb][\/vc_column_inner][\/vc_row_inner][vc_row_inner][vc_column_inner][vc_empty_space][\/vc_column_inner][\/vc_row_inner][vc_row_inner row_content_width=\u00a0\u00bbgrid\u00a0\u00bb][vc_column_inner offset=\u00a0\u00bbvc_col-lg-4 vc_col-md-4&Prime;]<div class=\"eltd-image-with-text-holder   eltd-image-behavior-zoom\">\n    <div class=\"eltd-iwt-image\">\n                                    <img width=\"1600\" height=\"900\" src=\"https:\/\/www.irissasuites.com\/wp-content\/uploads\/2021\/08\/nafplio_1-peloponnese-wanderustgreece.jpg\" class=\"attachment-full size-full\" alt=\"\" loading=\"lazy\" srcset=\"https:\/\/www.irissasuites.com\/wp-content\/uploads\/2021\/08\/nafplio_1-peloponnese-wanderustgreece.jpg 1600w, https:\/\/www.irissasuites.com\/wp-content\/uploads\/2021\/08\/nafplio_1-peloponnese-wanderustgreece-600x338.jpg 600w, https:\/\/www.irissasuites.com\/wp-content\/uploads\/2021\/08\/nafplio_1-peloponnese-wanderustgreece-300x169.jpg 300w, https:\/\/www.irissasuites.com\/wp-content\/uploads\/2021\/08\/nafplio_1-peloponnese-wanderustgreece-1024x576.jpg 1024w, https:\/\/www.irissasuites.com\/wp-content\/uploads\/2021\/08\/nafplio_1-peloponnese-wanderustgreece-768x432.jpg 768w, https:\/\/www.irissasuites.com\/wp-content\/uploads\/2021\/08\/nafplio_1-peloponnese-wanderustgreece-1536x864.jpg 1536w\" sizes=\"(max-width: 1600px) 100vw, 1600px\" \/>                        <\/div>\n    <div class=\"eltd-iwt-text-holder\">\n                    <h4 class=\"eltd-iwt-title\" style=\"margin-top: 40px\">Old City<\/h4>\n        \t\t            <p class=\"eltd-iwt-text\" style=\"margin-top: 20px\">Nafplio\u2019s old city is one of the most beautiful old cities in Greece! Narrow streets and traditional houses travel visitors to another era. The whole old city was laid out in the time of John Kapodistrias designed by the engineer Stamatis Voulgaris. Vasileos Constantinou Street is the first street made in Greece with classical standards, as Kapodistrias wanted the cities and roads to be adjusted to the European standards. In the old city of Nafplio there are many attractions, shops with traditional products and souvenirs, cafes, restaurants and taverns.<\/p>\n            <\/div>\n<\/div>[vc_empty_space height=\u00a0\u00bb40px\u00a0\u00bb][\/vc_column_inner][vc_column_inner offset=\u00a0\u00bbvc_col-lg-4 vc_col-md-4&Prime;]<div class=\"eltd-image-with-text-holder   eltd-image-behavior-zoom\">\n    <div class=\"eltd-iwt-image\">\n                                    <img width=\"1600\" height=\"900\" src=\"https:\/\/www.irissasuites.com\/wp-content\/uploads\/2021\/08\/nafplio.jpg\" class=\"attachment-full size-full\" alt=\"\" loading=\"lazy\" srcset=\"https:\/\/www.irissasuites.com\/wp-content\/uploads\/2021\/08\/nafplio.jpg 1600w, https:\/\/www.irissasuites.com\/wp-content\/uploads\/2021\/08\/nafplio-600x338.jpg 600w, https:\/\/www.irissasuites.com\/wp-content\/uploads\/2021\/08\/nafplio-300x169.jpg 300w, https:\/\/www.irissasuites.com\/wp-content\/uploads\/2021\/08\/nafplio-1024x576.jpg 1024w, https:\/\/www.irissasuites.com\/wp-content\/uploads\/2021\/08\/nafplio-768x432.jpg 768w, https:\/\/www.irissasuites.com\/wp-content\/uploads\/2021\/08\/nafplio-1536x864.jpg 1536w\" sizes=\"(max-width: 1600px) 100vw, 1600px\" \/>                        <\/div>\n    <div class=\"eltd-iwt-text-holder\">\n                    <h4 class=\"eltd-iwt-title\" style=\"margin-top: 40px\">Mus\u00e9es<\/h4>\n        \t\t            <p class=\"eltd-iwt-text\" style=\"margin-top: 20px\">Dans la ville de Nauplie, il y a plusieurs mus\u00e9es qui peuvent \u00eatre visit\u00e9s par le voyageur tels que,Le mus\u00e9e arch\u00e9ologique de Nauplie,La Fondation du folklore du P\u00e9loponn\u00e8se,Le mus\u00e9e de la Guerre,La Galerie nationale de Nauplie,Le Mus\u00e9e Komboloi.<\/p>\n            <\/div>\n<\/div>[vc_empty_space height=\u00a0\u00bb40px\u00a0\u00bb][\/vc_column_inner][vc_column_inner offset=\u00a0\u00bbvc_col-lg-4 vc_col-md-4&Prime;]<div class=\"eltd-image-with-text-holder   eltd-image-behavior-zoom\">\n    <div class=\"eltd-iwt-image\">\n                                    <img width=\"1024\" height=\"576\" src=\"https:\/\/www.irissasuites.com\/wp-content\/uploads\/2021\/08\/nafplio_1-peloponnese-wanderustgreece-1.jpg\" class=\"attachment-full size-full\" alt=\"\" loading=\"lazy\" srcset=\"https:\/\/www.irissasuites.com\/wp-content\/uploads\/2021\/08\/nafplio_1-peloponnese-wanderustgreece-1.jpg 1024w, https:\/\/www.irissasuites.com\/wp-content\/uploads\/2021\/08\/nafplio_1-peloponnese-wanderustgreece-1-600x338.jpg 600w, https:\/\/www.irissasuites.com\/wp-content\/uploads\/2021\/08\/nafplio_1-peloponnese-wanderustgreece-1-300x169.jpg 300w, https:\/\/www.irissasuites.com\/wp-content\/uploads\/2021\/08\/nafplio_1-peloponnese-wanderustgreece-1-768x432.jpg 768w\" sizes=\"(max-width: 1024px) 100vw, 1024px\" \/>                        <\/div>\n    <div class=\"eltd-iwt-text-holder\">\n                    <h4 class=\"eltd-iwt-title\" style=\"margin-top: 40px\">Churches<\/h4>\n        \t\t            <p class=\"eltd-iwt-text\" style=\"margin-top: 20px\">The churches of a place are certainly an important part of its history. In Nafplio, there are wonderful churches in the streets of the old city and outside its center as well. Agios Georgios, Agios Spyridonas (where Ioannis Kapodistrias was assassinated at the entrance of this church) and the Church of Virgin Mary, churches that you will definitely encounter on your way while walking the narrow streets of the city. In addition, you can visit Agia Moni in Aria, Nafplio and Evangelistria.<\/p>\n            <\/div>\n<\/div>[vc_empty_space height=\u00a0\u00bb40px\u00a0\u00bb][\/vc_column_inner][\/vc_row_inner][vc_row_inner][vc_column_inner][vc_empty_space][\/vc_column_inner][\/vc_row_inner][vc_row_inner row_content_width=\u00a0\u00bbgrid\u00a0\u00bb][vc_column_inner offset=\u00a0\u00bbvc_col-lg-4 vc_col-md-4&Prime;]<div class=\"eltd-image-with-text-holder   eltd-image-behavior-zoom\">\n    <div class=\"eltd-iwt-image\">\n                                    <img width=\"1024\" height=\"576\" src=\"https:\/\/www.irissasuites.com\/wp-content\/uploads\/2021\/08\/nafplio-peloponnese.jpg\" class=\"attachment-full size-full\" alt=\"\" loading=\"lazy\" srcset=\"https:\/\/www.irissasuites.com\/wp-content\/uploads\/2021\/08\/nafplio-peloponnese.jpg 1024w, https:\/\/www.irissasuites.com\/wp-content\/uploads\/2021\/08\/nafplio-peloponnese-600x338.jpg 600w, https:\/\/www.irissasuites.com\/wp-content\/uploads\/2021\/08\/nafplio-peloponnese-300x169.jpg 300w, https:\/\/www.irissasuites.com\/wp-content\/uploads\/2021\/08\/nafplio-peloponnese-768x432.jpg 768w\" sizes=\"(max-width: 1024px) 100vw, 1024px\" \/>                        <\/div>\n    <div class=\"eltd-iwt-text-holder\">\n                    <h4 class=\"eltd-iwt-title\" style=\"margin-top: 40px\">Trianon through the centuries<\/h4>\n        \t\t            <p class=\"eltd-iwt-text\" style=\"margin-top: 20px\">Trianon is probably one of the original Ottoman mosques built during the early Ottoman period. In 1687, during the Second Venetian occupation, as most mosques, it was converted into a Christian temple dedicated to Saint Anthony of Padova. It was a donation by the Venetian general Francis Morosini. During the second Ottoman period it was again used as a mosque. In 1833 the first Men&#039;s Mutual School was housed.<\/p>\n            <\/div>\n<\/div>[vc_empty_space height=\u00a0\u00bb40px\u00a0\u00bb][\/vc_column_inner][vc_column_inner offset=\u00a0\u00bbvc_col-lg-4 vc_col-md-4&Prime;]<div class=\"eltd-image-with-text-holder   eltd-image-behavior-zoom\">\n    <div class=\"eltd-iwt-image\">\n                                    <img width=\"1024\" height=\"576\" src=\"https:\/\/www.irissasuites.com\/wp-content\/uploads\/2021\/08\/Untitled-1-1.jpg\" class=\"attachment-full size-full\" alt=\"\" loading=\"lazy\" srcset=\"https:\/\/www.irissasuites.com\/wp-content\/uploads\/2021\/08\/Untitled-1-1.jpg 1024w, https:\/\/www.irissasuites.com\/wp-content\/uploads\/2021\/08\/Untitled-1-1-600x338.jpg 600w, https:\/\/www.irissasuites.com\/wp-content\/uploads\/2021\/08\/Untitled-1-1-300x169.jpg 300w, https:\/\/www.irissasuites.com\/wp-content\/uploads\/2021\/08\/Untitled-1-1-768x432.jpg 768w\" sizes=\"(max-width: 1024px) 100vw, 1024px\" \/>                        <\/div>\n    <div class=\"eltd-iwt-text-holder\">\n                    <h4 class=\"eltd-iwt-title\" style=\"margin-top: 40px\">The Lion of Bavarians<\/h4>\n        \t\t            <p class=\"eltd-iwt-text\" style=\"margin-top: 20px\">This is the famous Lion of the Bavarians, created in 1836 by the German sculptor Siegel, when King Ludovik, Othon&#039;s father, asked him to build a monument to the soldiers of the Bavarian Kingdom, who died of typhoid fever between 1833 and 1834. The artist then carved a lion into the rock, like the one that was set up in the Swiss Lucerne, in memory of their compatriots killed in Paris during the French Revolution.<\/p>\n            <\/div>\n<\/div>[vc_empty_space height=\u00a0\u00bb40px\u00a0\u00bb][\/vc_column_inner][vc_column_inner offset=\u00a0\u00bbvc_col-lg-4 vc_col-md-4&Prime;]<div class=\"eltd-image-with-text-holder   eltd-image-behavior-zoom\">\n    <div class=\"eltd-iwt-image\">\n                                    <img width=\"1024\" height=\"576\" src=\"https:\/\/www.irissasuites.com\/wp-content\/uploads\/2021\/08\/Untitled-1-2.jpg\" class=\"attachment-full size-full\" alt=\"\" loading=\"lazy\" srcset=\"https:\/\/www.irissasuites.com\/wp-content\/uploads\/2021\/08\/Untitled-1-2.jpg 1024w, https:\/\/www.irissasuites.com\/wp-content\/uploads\/2021\/08\/Untitled-1-2-600x338.jpg 600w, https:\/\/www.irissasuites.com\/wp-content\/uploads\/2021\/08\/Untitled-1-2-300x169.jpg 300w, https:\/\/www.irissasuites.com\/wp-content\/uploads\/2021\/08\/Untitled-1-2-768x432.jpg 768w\" sizes=\"(max-width: 1024px) 100vw, 1024px\" \/>                        <\/div>\n    <div class=\"eltd-iwt-text-holder\">\n                    <h4 class=\"eltd-iwt-title\" style=\"margin-top: 40px\">The Land Gate<\/h4>\n        \t\t            <p class=\"eltd-iwt-text\" style=\"margin-top: 20px\">While admiring it, a simple question might come to your mind; why is it called the Land Gate, while there is no sea around? Well, no matter how odd it probably seems nowadays, the gate was the only entrance to the city of Nafplion. In front of the gate there was a wide sea canal, in which small boats moored. The canal started from the walls of Acronafplia, on the left of the gate, and reached the naval yard (At the same place, today lies a swimming pool).<\/p>\n            <\/div>\n<\/div>[vc_empty_space height=\u00a0\u00bb40px\u00a0\u00bb][\/vc_column_inner][\/vc_row_inner][\/vc_column][\/vc_row][vc_row][vc_column][vc_empty_space height=\u00a0\u00bb40px\u00a0\u00bb][\/vc_column][\/vc_row]<\/p>\n","protected":false},"excerpt":{"rendered":"<p>[vc_row content_text_aligment=\u00a0\u00bbcenter\u00a0\u00bb simple_background_color=\u00a0\u00bb#f8f6f8&Prime; css=\u00a0\u00bb.vc_custom_1628508977355{margin-right: 30px !important;margin-bottom: 30px !important;margin-left: 30px !important;padding-top: 102px !important;padding-bottom: 84px !important;background-color: #ffffff !important;}\u00a0\u00bb][vc_column][vc_empty_space height=\u00a0\u00bb64px\u00a0\u00bb][vc_row_inner row_content_width=\u00a0\u00bbgrid\u00a0\u00bb css=\u00a0\u00bb.vc_custom_1628508985636{background-color: [&hellip;]<\/p>\n","protected":false},"author":1,"featured_media":0,"parent":0,"menu_order":0,"comment_status":"closed","ping_status":"closed","template":"full-width.php","meta":[],"_links":{"self":[{"href":"https:\/\/www.irissasuites.com\/fr\/wp-json\/wp\/v2\/pages\/7988"}],"collection":[{"href":"https:\/\/www.irissasuites.com\/fr\/wp-json\/wp\/v2\/pages"}],"about":[{"href":"https:\/\/www.irissasuites.com\/fr\/wp-json\/wp\/v2\/types\/page"}],"author":[{"embeddable":true,"href":"https:\/\/www.irissasuites.com\/fr\/wp-json\/wp\/v2\/users\/1"}],"replies":[{"embeddable":true,"href":"https:\/\/www.irissasuites.com\/fr\/wp-json\/wp\/v2\/comments?post=7988"}],"version-history":[{"count":12,"href":"https:\/\/www.irissasuites.com\/fr\/wp-json\/wp\/v2\/pages\/7988\/revisions"}],"predecessor-version":[{"id":8149,"href":"https:\/\/www.irissasuites.com\/fr\/wp-json\/wp\/v2\/pages\/7988\/revisions\/8149"}],"wp:attachment":[{"href":"https:\/\/www.irissasuites.com\/fr\/wp-json\/wp\/v2\/media?parent=7988"}],"curies":[{"name":"wp","href":"https:\/\/api.w.org\/{rel}","templated":true}]}}