
{"id":7984,"date":"2021-08-27T15:30:46","date_gmt":"2021-08-27T12:30:46","guid":{"rendered":"https:\/\/www.irissasuites.com\/accommodation\/"},"modified":"2025-01-17T15:29:33","modified_gmt":"2025-01-17T13:29:33","slug":"accommodation","status":"publish","type":"page","link":"https:\/\/www.irissasuites.com\/fr\/accommodation\/","title":{"rendered":"S\u00e9jour"},"content":{"rendered":"<p>[vc_row][vc_column offset=\u00a0\u00bbvc_col-lg-12 vc_col-md-12 vc_col-xs-12&Prime;]<div class=\"eltd-elements-holder   eltd-one-column  eltd-responsive-mode-768 \" ><div class=\"eltd-eh-item   eltd-horizontal-alignment-center \"  data-item-class=\"eltd-eh-custom-6661\" data-1280-1600=\"10% 0 0 0\" data-1024-1280=\"90px 0 0 0\" data-768-1024=\"10% 0 0 0\" data-680-768=\"10% 0 0 0\" data-680=\"17% 15px 0 15px\">\n\t<div class=\"eltd-eh-item-inner\">\n\t\t<div class=\"eltd-eh-item-content eltd-eh-custom-6661\" style=\"padding: 90px 34px 0 0\">\n\t\t\t<div class=\"eltd-section-title-holder eltd-separator-disabled  \" >\n    <div class=\"eltd-section-title-inner\">\n                            <h2 class=\"eltd-st-title \" >\n                <span class=\"eltd-st-before\"><\/span>\n                <span>Irissa Suites<\/span>\n            <\/h2>\n                            <p class=\"eltd-st-text\" style=\"font-size: 18px;line-height: 26px\">Une ville comme Nauplie offre \u00e0 ses visiteurs une vari\u00e9t\u00e9 d&#039;activit\u00e9s et d&#039;exp\u00e9riences qui rendront votre s\u00e9jour encore plus sp\u00e9cial. Remplissez votre temps de mani\u00e8re cr\u00e9ative. Irissa Suites \u00e0 Iria vous offre un acc\u00e8s facile \u00e0 tous les endroits que vous souhaitez.<\/p>\n                    <\/div>\n<\/div>\t\t<\/div>\n\t<\/div>\n<\/div><\/div>[vc_empty_space height=\u00a0\u00bb60px\u00a0\u00bb][\/vc_column][\/vc_row][vc_row][vc_column][vc_empty_space height=\u00a0\u00bb75px\u00a0\u00bb][\/vc_column][\/vc_row][vc_row][vc_column offset=\u00a0\u00bbvc_col-lg-5 vc_col-md-5 vc_col-xs-12&Prime; css=\u00a0\u00bb.vc_custom_1512388407794{padding-right: 0px !important;padding-left: 0px !important;}\u00a0\u00bb]<div class=\"eltd-elements-holder   eltd-one-column  eltd-responsive-mode-768 \" ><div class=\"eltd-eh-item   eltd-horizontal-alignment-center \"  data-item-class=\"eltd-eh-custom-2217\" data-1280-1600=\"30% 7% 0 7%\" data-1024-1280=\"28% 5% 0 8%\" data-768-1024=\"16% 4% 0 4%\" data-680-768=\"12% 20% 8% 20%\" data-680=\"22% 8% 13% 8%\">\n\t<div class=\"eltd-eh-item-inner\">\n\t\t<div class=\"eltd-eh-item-content eltd-eh-custom-2217\" style=\"padding: 39% 19% 0 19%\">\n\t\t\t<div class=\"eltd-section-title-holder eltd-separator-disabled  eltd-st-text-position-center\" style=\"text-align: center\">\n    <div class=\"eltd-section-title-inner\">\n                    <h6 class=\"eltd-st-subtitle\" >\n                <span>LUXE &amp; CONFORT<\/span>\n            <\/h6>\n                            <h3 class=\"eltd-st-title eltd-title-center\" style=\"margin-top: 20px;margin-bottom: 30px\">\n                <span class=\"eltd-st-before\"><\/span>\n                <span>Anius Suite<\/span>\n            <\/h3>\n                            <p class=\"eltd-st-text\" style=\"font-size: 15px;line-height: 29px;margin: 0 49px\">La suite dispose de la climatisation, de 2 t\u00e9l\u00e9viseurs intelligents \u00e0 \u00e9cran plat de 43&#039; et 32&#039;, d\u2019une cafeti\u00e8re NESCAF\u00c9\u00ae Dolce Gusto\u00ae et de tout l\u2019\u00e9quipement de cuisine standard, des literies de premi\u00e8re qualit\u00e9 et des serviettes de bains Coco-Mat.<\/p>\n                    <\/div>\n<\/div>[vc_empty_space height=\u00a0\u00bb50px\u00a0\u00bb]<a itemprop=\"url\" href=\"https:\/\/www.irissasuites.com\/fr\/anius-suite\/\" target=\"_blank\" style=\"background-color: #222324\" class=\"eltd-btn eltd-btn-medium eltd-btn-solid eltd-btn-line-left eltd-btn-animation-enabled\"  >\n    <span class=\"eltd-btn-text\">Voir plus<\/span>\n\n        \t<span class=\"eltd-btn-hover-overlay\" style=\"background-color: #222324\"><\/span>\n    \n    <\/a>\t\t<\/div>\n\t<\/div>\n<\/div><\/div>[vc_empty_space height=\u00a0\u00bb40px\u00a0\u00bb][\/vc_column][vc_column offset=\u00a0\u00bbvc_col-lg-7 vc_col-md-7 vc_col-xs-12&Prime; css=\u00a0\u00bb.vc_custom_1512388399818{padding-right: 0px !important;padding-left: 0px !important;}\u00a0\u00bb]<div class=\"eltd-elements-holder   eltd-one-column  eltd-responsive-mode-768 \" ><div class=\"eltd-eh-item    \"  data-item-class=\"eltd-eh-custom-6063\">\n\t<div class=\"eltd-eh-item-inner\">\n\t\t<div class=\"eltd-eh-item-content eltd-eh-custom-6063\" >\n\t\t\t<div class=\"eltd-image-gallery  eltd-ig-slider-type eltd-no-space   eltd-custom-nav  eltd-hide-pagination\">\n\t<div class=\"eltd-ig-slider eltd-owl-slider\" data-number-of-items=\"1\" data-enable-loop=\"yes\" data-enable-autoplay=\"yes\" data-slider-speed=\"5000\" data-slider-speed-animation=\"600\" data-slider-padding=\"no\" data-enable-navigation=\"yes\" data-enable-custom-navigation=\"yes\" data-enable-pagination=\"yes\" data-slider-animate-out=\"fadeOut\">\n\t\t\t\t\t<div class=\"eltd-ig-image\">\n\t\t\t\t\t\t\t\t\t<img src=\"https:\/\/www.irissasuites.com\/wp-content\/uploads\/2021\/09\/yiamouris_AY55702-1100x960.jpg\" alt=\"\" width=\"1100\" height=\"960\" \/>\t\t\t\t\t\t\t<\/div>\n\t\t\t\t\t<div class=\"eltd-ig-image\">\n\t\t\t\t\t\t\t\t\t<img src=\"https:\/\/www.irissasuites.com\/wp-content\/uploads\/2021\/09\/yiamouris_AY55455-1100x960.jpg\" alt=\"\" width=\"1100\" height=\"960\" \/>\t\t\t\t\t\t\t<\/div>\n\t\t\t\t\t<div class=\"eltd-ig-image\">\n\t\t\t\t\t\t\t\t\t<img src=\"https:\/\/www.irissasuites.com\/wp-content\/uploads\/2021\/09\/yiamouris_AY55610-1100x960.jpg\" alt=\"\" width=\"1100\" height=\"960\" \/>\t\t\t\t\t\t\t<\/div>\n\t\t\t\t\t<div class=\"eltd-ig-image\">\n\t\t\t\t\t\t\t\t\t<img src=\"https:\/\/www.irissasuites.com\/wp-content\/uploads\/2021\/09\/yiamouris_AY55526-2-1100x960.jpg\" alt=\"\" width=\"1100\" height=\"960\" \/>\t\t\t\t\t\t\t<\/div>\n\t\t\t\t\t<div class=\"eltd-ig-image\">\n\t\t\t\t\t\t\t\t\t<img src=\"https:\/\/www.irissasuites.com\/wp-content\/uploads\/2021\/09\/yiamouris_AY55697-HDR-1100x960.jpg\" alt=\"\" width=\"1100\" height=\"960\" \/>\t\t\t\t\t\t\t<\/div>\n\t\t\t<\/div>\n<\/div>\t\t<\/div>\n\t<\/div>\n<\/div><\/div>[\/vc_column][\/vc_row][vc_row][vc_column offset=\u00a0\u00bbvc_col-lg-7 vc_col-md-7 vc_col-xs-12&Prime; css=\u00a0\u00bb.vc_custom_1512388399818{padding-right: 0px !important;padding-left: 0px !important;}\u00a0\u00bb]<div class=\"eltd-elements-holder   eltd-one-column  eltd-responsive-mode-768 \" ><div class=\"eltd-eh-item    \"  data-item-class=\"eltd-eh-custom-6193\">\n\t<div class=\"eltd-eh-item-inner\">\n\t\t<div class=\"eltd-eh-item-content eltd-eh-custom-6193\" >\n\t\t\t<div class=\"eltd-image-gallery  eltd-ig-slider-type eltd-no-space   eltd-custom-nav  eltd-hide-pagination\">\n\t<div class=\"eltd-ig-slider eltd-owl-slider\" data-number-of-items=\"1\" data-enable-loop=\"yes\" data-enable-autoplay=\"yes\" data-slider-speed=\"5000\" data-slider-speed-animation=\"600\" data-slider-padding=\"no\" data-enable-navigation=\"yes\" data-enable-custom-navigation=\"yes\" data-enable-pagination=\"yes\" data-slider-animate-out=\"fadeOut\">\n\t\t\t\t\t<div class=\"eltd-ig-image\">\n\t\t\t\t\t\t\t\t\t<img src=\"https:\/\/www.irissasuites.com\/wp-content\/uploads\/2021\/09\/yiamouris_AY55759-HDR-Copy-1-1100x960.jpg\" alt=\"\" width=\"1100\" height=\"960\" \/>\t\t\t\t\t\t\t<\/div>\n\t\t\t\t\t<div class=\"eltd-ig-image\">\n\t\t\t\t\t\t\t\t\t<img src=\"https:\/\/www.irissasuites.com\/wp-content\/uploads\/2021\/09\/yiamouris_AY55618-2-Copy-1-1100x960.jpg\" alt=\"\" width=\"1100\" height=\"960\" \/>\t\t\t\t\t\t\t<\/div>\n\t\t\t\t\t<div class=\"eltd-ig-image\">\n\t\t\t\t\t\t\t\t\t<img src=\"https:\/\/www.irissasuites.com\/wp-content\/uploads\/2021\/09\/yiamouris_AY55979-3-Copy-1-1100x960.jpg\" alt=\"\" width=\"1100\" height=\"960\" \/>\t\t\t\t\t\t\t<\/div>\n\t\t\t<\/div>\n<\/div>\t\t<\/div>\n\t<\/div>\n<\/div><\/div>[\/vc_column][vc_column offset=\u00a0\u00bbvc_col-lg-5 vc_col-md-5 vc_col-xs-12&Prime; css=\u00a0\u00bb.vc_custom_1512388407794{padding-right: 0px !important;padding-left: 0px !important;}\u00a0\u00bb]<div class=\"eltd-elements-holder   eltd-one-column  eltd-responsive-mode-768 \" ><div class=\"eltd-eh-item   eltd-horizontal-alignment-center \"  data-item-class=\"eltd-eh-custom-1582\" data-1280-1600=\"30% 7% 0 7%\" data-1024-1280=\"28% 5% 0 8%\" data-768-1024=\"16% 4% 0 4%\" data-680-768=\"12% 20% 8% 20%\" data-680=\"22% 8% 13% 8%\">\n\t<div class=\"eltd-eh-item-inner\">\n\t\t<div class=\"eltd-eh-item-content eltd-eh-custom-1582\" style=\"padding: 39% 19% 0 19%\">\n\t\t\t<div class=\"eltd-section-title-holder eltd-separator-disabled  eltd-st-text-position-center\" style=\"text-align: center\">\n    <div class=\"eltd-section-title-inner\">\n                    <h6 class=\"eltd-st-subtitle\" >\n                <span>LUXE &amp; CONFORT<\/span>\n            <\/h6>\n                            <h3 class=\"eltd-st-title eltd-title-center\" style=\"margin-top: 20px;margin-bottom: 30px\">\n                <span class=\"eltd-st-before\"><\/span>\n                <span>Elais Suite<\/span>\n            <\/h3>\n                            <p class=\"eltd-st-text\" style=\"font-size: 15px;line-height: 29px;margin: 0 49px\">La suite dispose de la climatisation, de 2 t\u00e9l\u00e9viseurs intelligents \u00e0 \u00e9cran plat de 43&#039; et 32&#039;, d\u2019une cafeti\u00e8re NESCAF\u00c9\u00ae Dolce Gusto\u00ae et de tout l\u2019\u00e9quipement de cuisine standard, des literies de premi\u00e8re qualit\u00e9 et des serviettes de bains Coco-Mat<\/p>\n                    <\/div>\n<\/div>[vc_empty_space height=\u00a0\u00bb50px\u00a0\u00bb]<a itemprop=\"url\" href=\"https:\/\/www.irissasuites.com\/fr\/elais-suite\/\" target=\"_self\" style=\"background-color: #222324\" class=\"eltd-btn eltd-btn-medium eltd-btn-solid eltd-btn-line-left eltd-btn-animation-enabled\"  >\n    <span class=\"eltd-btn-text\">Voir plus<\/span>\n\n        \t<span class=\"eltd-btn-hover-overlay\" style=\"background-color: #222324\"><\/span>\n    \n    <\/a>\t\t<\/div>\n\t<\/div>\n<\/div><\/div>[vc_empty_space height=\u00a0\u00bb40px\u00a0\u00bb][\/vc_column][\/vc_row][vc_row][vc_column offset=\u00a0\u00bbvc_col-lg-5 vc_col-md-5 vc_col-xs-12&Prime; css=\u00a0\u00bb.vc_custom_1512388407794{padding-right: 0px !important;padding-left: 0px !important;}\u00a0\u00bb]<div class=\"eltd-elements-holder   eltd-one-column  eltd-responsive-mode-768 \" ><div class=\"eltd-eh-item   eltd-horizontal-alignment-center \"  data-item-class=\"eltd-eh-custom-7553\" data-1280-1600=\"30% 7% 0 7%\" data-1024-1280=\"28% 5% 0 8%\" data-768-1024=\"16% 4% 0 4%\" data-680-768=\"12% 20% 8% 20%\" data-680=\"22% 8% 13% 8%\">\n\t<div class=\"eltd-eh-item-inner\">\n\t\t<div class=\"eltd-eh-item-content eltd-eh-custom-7553\" style=\"padding: 39% 19% 0 19%\">\n\t\t\t<div class=\"eltd-section-title-holder eltd-separator-disabled  eltd-st-text-position-center\" style=\"text-align: center\">\n    <div class=\"eltd-section-title-inner\">\n                    <h6 class=\"eltd-st-subtitle\" >\n                <span>LUXE &amp; CONFORT<\/span>\n            <\/h6>\n                            <h3 class=\"eltd-st-title eltd-title-center\" style=\"margin-top: 20px;margin-bottom: 30px\">\n                <span class=\"eltd-st-before\"><\/span>\n                <span>Spermo Suite<\/span>\n            <\/h3>\n                            <p class=\"eltd-st-text\" style=\"font-size: 15px;line-height: 29px;margin: 0 49px\">La suite dispose de la climatisation, de 2 t\u00e9l\u00e9viseurs intelligents \u00e0 \u00e9cran plat de 43&#039; et 32&#039;, d\u2019une cafeti\u00e8re NESCAF\u00c9\u00ae Dolce Gusto\u00ae et de tout l\u2019\u00e9quipement de cuisine standard, des literies de premi\u00e8re qualit\u00e9 et des serviettes de bains Coco-Ma<\/p>\n                    <\/div>\n<\/div>[vc_empty_space height=\u00a0\u00bb50px\u00a0\u00bb]<a itemprop=\"url\" href=\"https:\/\/www.irissasuites.com\/fr\/spermo-suite\/\" target=\"_self\" style=\"background-color: #222324\" class=\"eltd-btn eltd-btn-medium eltd-btn-solid eltd-btn-line-left eltd-btn-animation-enabled\"  >\n    <span class=\"eltd-btn-text\">Voir plus<\/span>\n\n        \t<span class=\"eltd-btn-hover-overlay\" style=\"background-color: #222324\"><\/span>\n    \n    <\/a>\t\t<\/div>\n\t<\/div>\n<\/div><\/div>[vc_empty_space height=\u00a0\u00bb40px\u00a0\u00bb][\/vc_column][vc_column offset=\u00a0\u00bbvc_col-lg-7 vc_col-md-7 vc_col-xs-12&Prime; css=\u00a0\u00bb.vc_custom_1512388399818{padding-right: 0px !important;padding-left: 0px !important;}\u00a0\u00bb]<div class=\"eltd-elements-holder   eltd-one-column  eltd-responsive-mode-768 \" ><div class=\"eltd-eh-item    \"  data-item-class=\"eltd-eh-custom-5975\">\n\t<div class=\"eltd-eh-item-inner\">\n\t\t<div class=\"eltd-eh-item-content eltd-eh-custom-5975\" >\n\t\t\t<div class=\"eltd-image-gallery  eltd-ig-slider-type eltd-no-space   eltd-custom-nav  eltd-hide-pagination\">\n\t<div class=\"eltd-ig-slider eltd-owl-slider\" data-number-of-items=\"1\" data-enable-loop=\"yes\" data-enable-autoplay=\"yes\" data-slider-speed=\"5000\" data-slider-speed-animation=\"600\" data-slider-padding=\"no\" data-enable-navigation=\"yes\" data-enable-custom-navigation=\"yes\" data-enable-pagination=\"yes\" data-slider-animate-out=\"fadeOut\">\n\t\t\t\t\t<div class=\"eltd-ig-image\">\n\t\t\t\t\t\t\t\t\t<img src=\"https:\/\/www.irissasuites.com\/wp-content\/uploads\/2021\/09\/yiamouris_AY55512-HDR-Copy-1-1100x960.jpg\" alt=\"\" width=\"1100\" height=\"960\" \/>\t\t\t\t\t\t\t<\/div>\n\t\t\t\t\t<div class=\"eltd-ig-image\">\n\t\t\t\t\t\t\t\t\t<img src=\"https:\/\/www.irissasuites.com\/wp-content\/uploads\/2021\/09\/yiamouris_AY55455-Copy-1-1100x960.jpg\" alt=\"\" width=\"1100\" height=\"960\" \/>\t\t\t\t\t\t\t<\/div>\n\t\t\t\t\t<div class=\"eltd-ig-image\">\n\t\t\t\t\t\t\t\t\t<img src=\"https:\/\/www.irissasuites.com\/wp-content\/uploads\/2021\/09\/yiamouris_AY55456-2-Copy-1-1100x960.jpg\" alt=\"\" width=\"1100\" height=\"960\" \/>\t\t\t\t\t\t\t<\/div>\n\t\t\t\t\t<div class=\"eltd-ig-image\">\n\t\t\t\t\t\t\t\t\t<img src=\"https:\/\/www.irissasuites.com\/wp-content\/uploads\/2021\/09\/yiamouris_AY55493-Copy-1-1100x960.jpg\" alt=\"\" width=\"1100\" height=\"960\" \/>\t\t\t\t\t\t\t<\/div>\n\t\t\t<\/div>\n<\/div>\t\t<\/div>\n\t<\/div>\n<\/div><\/div>[\/vc_column][\/vc_row][vc_row][vc_column offset=\u00a0\u00bbvc_col-lg-7 vc_col-md-7 vc_col-xs-12&Prime; css=\u00a0\u00bb.vc_custom_1512388399818{padding-right: 0px !important;padding-left: 0px !important;}\u00a0\u00bb]<div class=\"eltd-elements-holder   eltd-one-column  eltd-responsive-mode-768 \" ><div class=\"eltd-eh-item    \"  data-item-class=\"eltd-eh-custom-5230\">\n\t<div class=\"eltd-eh-item-inner\">\n\t\t<div class=\"eltd-eh-item-content eltd-eh-custom-5230\" >\n\t\t\t<div class=\"eltd-image-gallery  eltd-ig-slider-type eltd-no-space   eltd-custom-nav  eltd-hide-pagination\">\n\t<div class=\"eltd-ig-slider eltd-owl-slider\" data-number-of-items=\"1\" data-enable-loop=\"yes\" data-enable-autoplay=\"yes\" data-slider-speed=\"5000\" data-slider-speed-animation=\"600\" data-slider-padding=\"no\" data-enable-navigation=\"yes\" data-enable-custom-navigation=\"yes\" data-enable-pagination=\"yes\" data-slider-animate-out=\"fadeOut\">\n\t\t\t\t\t<div class=\"eltd-ig-image\">\n\t\t\t\t\t\t\t\t\t<img src=\"https:\/\/www.irissasuites.com\/wp-content\/uploads\/2021\/09\/yiamouris_AY55936-HDR-Copy-1-1100x960.jpg\" alt=\"\" width=\"1100\" height=\"960\" \/>\t\t\t\t\t\t\t<\/div>\n\t\t\t\t\t<div class=\"eltd-ig-image\">\n\t\t\t\t\t\t\t\t\t<img src=\"https:\/\/www.irissasuites.com\/wp-content\/uploads\/2021\/09\/yiamouris_AY55617-Copy-2-1100x960.jpg\" alt=\"\" width=\"1100\" height=\"960\" \/>\t\t\t\t\t\t\t<\/div>\n\t\t\t\t\t<div class=\"eltd-ig-image\">\n\t\t\t\t\t\t\t\t\t<img src=\"https:\/\/www.irissasuites.com\/wp-content\/uploads\/2021\/09\/yiamouris_AY55706-HDR-Copy-1-1100x960.jpg\" alt=\"\" width=\"1100\" height=\"960\" \/>\t\t\t\t\t\t\t<\/div>\n\t\t\t\t\t<div class=\"eltd-ig-image\">\n\t\t\t\t\t\t\t\t\t<img src=\"https:\/\/www.irissasuites.com\/wp-content\/uploads\/2021\/09\/yiamouris_AY55979-3-Copy-2-1100x960.jpg\" alt=\"\" width=\"1100\" height=\"960\" \/>\t\t\t\t\t\t\t<\/div>\n\t\t\t<\/div>\n<\/div>\t\t<\/div>\n\t<\/div>\n<\/div><\/div>[\/vc_column][vc_column offset=\u00a0\u00bbvc_col-lg-5 vc_col-md-5 vc_col-xs-12&Prime; css=\u00a0\u00bb.vc_custom_1512388407794{padding-right: 0px !important;padding-left: 0px !important;}\u00a0\u00bb]<div class=\"eltd-elements-holder   eltd-one-column  eltd-responsive-mode-768 \" ><div class=\"eltd-eh-item   eltd-horizontal-alignment-center \"  data-item-class=\"eltd-eh-custom-5585\" data-1280-1600=\"30% 7% 0 7%\" data-1024-1280=\"28% 5% 0 8%\" data-768-1024=\"16% 4% 0 4%\" data-680-768=\"12% 20% 8% 20%\" data-680=\"22% 8% 13% 8%\">\n\t<div class=\"eltd-eh-item-inner\">\n\t\t<div class=\"eltd-eh-item-content eltd-eh-custom-5585\" style=\"padding: 39% 19% 0 19%\">\n\t\t\t<div class=\"eltd-section-title-holder eltd-separator-disabled  eltd-st-text-position-center\" style=\"text-align: center\">\n    <div class=\"eltd-section-title-inner\">\n                    <h6 class=\"eltd-st-subtitle\" >\n                <span>LUXE &amp; CONFORT<\/span>\n            <\/h6>\n                            <h3 class=\"eltd-st-title eltd-title-center\" style=\"margin-top: 20px;margin-bottom: 30px\">\n                <span class=\"eltd-st-before\"><\/span>\n                <span>Oeno Suite<\/span>\n            <\/h3>\n                            <p class=\"eltd-st-text\" style=\"font-size: 15px;line-height: 29px;margin: 0 49px\">La suite dispose de la climatisation, de 2 t\u00e9l\u00e9viseurs intelligents \u00e0 \u00e9cran plat de 43&#039; et 32&#039;, d\u2019une cafeti\u00e8re NESCAF\u00c9\u00ae Dolce Gusto\u00ae et de tout l\u2019\u00e9quipement de cuisine standard, des literies de premi\u00e8re qualit\u00e9 et des serviettes de bains Coco-Mat.<\/p>\n                    <\/div>\n<\/div>[vc_empty_space height=\u00a0\u00bb50px\u00a0\u00bb]<a itemprop=\"url\" href=\"https:\/\/www.irissasuites.com\/fr\/oeno-suite\/\" target=\"_self\" style=\"background-color: #222324\" class=\"eltd-btn eltd-btn-medium eltd-btn-solid eltd-btn-line-left eltd-btn-animation-enabled\"  >\n    <span class=\"eltd-btn-text\">Voir plus<\/span>\n\n        \t<span class=\"eltd-btn-hover-overlay\" style=\"background-color: #222324\"><\/span>\n    \n    <\/a>\t\t<\/div>\n\t<\/div>\n<\/div><\/div>[vc_empty_space height=\u00a0\u00bb40px\u00a0\u00bb][\/vc_column][\/vc_row][vc_row][vc_column offset=\u00a0\u00bbvc_col-lg-5 vc_col-md-5 vc_col-xs-12&Prime; css=\u00a0\u00bb.vc_custom_1512388407794{padding-right: 0px !important;padding-left: 0px !important;}\u00a0\u00bb]<div class=\"eltd-elements-holder   eltd-one-column  eltd-responsive-mode-768 \" ><div class=\"eltd-eh-item   eltd-horizontal-alignment-center \"  data-item-class=\"eltd-eh-custom-2898\" data-1280-1600=\"30% 7% 0 7%\" data-1024-1280=\"28% 5% 0 8%\" data-768-1024=\"16% 4% 0 4%\" data-680-768=\"12% 20% 8% 20%\" data-680=\"22% 8% 13% 8%\">\n\t<div class=\"eltd-eh-item-inner\">\n\t\t<div class=\"eltd-eh-item-content eltd-eh-custom-2898\" style=\"padding: 39% 19% 0 19%\">\n\t\t\t<div class=\"eltd-section-title-holder eltd-separator-disabled  eltd-st-text-position-center\" style=\"text-align: center\">\n    <div class=\"eltd-section-title-inner\">\n                    <h6 class=\"eltd-st-subtitle\" >\n                <span>LUXE &amp; CONFORT<\/span>\n            <\/h6>\n                            <h3 class=\"eltd-st-title eltd-title-center\" style=\"margin-top: 20px;margin-bottom: 30px\">\n                <span class=\"eltd-st-before\"><\/span>\n                <span>Dionysus Suite<\/span>\n            <\/h3>\n                            <p class=\"eltd-st-text\" style=\"font-size: 15px;line-height: 29px;margin: 0 49px\">La suite dispose de la climatisation, de 3 t\u00e9l\u00e9viseurs intelligents \u00e0 \u00e9cran plat, un de 43&#039; et deux de 32&#039;, d\u2019une cafeti\u00e8re Nespresso Krups et de tout l\u2019\u00e9quipement de cuisine standard, des literies de premi\u00e8re qualit\u00e9 et des serviettes de bains Coco-Mat.<\/p>\n                    <\/div>\n<\/div>[vc_empty_space height=\u00a0\u00bb50px\u00a0\u00bb]<a itemprop=\"url\" href=\"https:\/\/www.irissasuites.com\/fr\/dionysus-suite\/\" target=\"_self\" style=\"background-color: #222324\" class=\"eltd-btn eltd-btn-medium eltd-btn-solid eltd-btn-line-left eltd-btn-animation-enabled\"  >\n    <span class=\"eltd-btn-text\">Voir plus<\/span>\n\n        \t<span class=\"eltd-btn-hover-overlay\" style=\"background-color: #222324\"><\/span>\n    \n    <\/a>\t\t<\/div>\n\t<\/div>\n<\/div><\/div>[vc_empty_space height=\u00a0\u00bb40px\u00a0\u00bb][\/vc_column][vc_column offset=\u00a0\u00bbvc_col-lg-7 vc_col-md-7 vc_col-xs-12&Prime; css=\u00a0\u00bb.vc_custom_1512388399818{padding-right: 0px !important;padding-left: 0px !important;}\u00a0\u00bb]<div class=\"eltd-elements-holder   eltd-one-column  eltd-responsive-mode-768 \" ><div class=\"eltd-eh-item    \"  data-item-class=\"eltd-eh-custom-5819\">\n\t<div class=\"eltd-eh-item-inner\">\n\t\t<div class=\"eltd-eh-item-content eltd-eh-custom-5819\" >\n\t\t\t<div class=\"eltd-image-gallery  eltd-ig-slider-type eltd-no-space   eltd-custom-nav  eltd-hide-pagination\">\n\t<div class=\"eltd-ig-slider eltd-owl-slider\" data-number-of-items=\"1\" data-enable-loop=\"yes\" data-enable-autoplay=\"yes\" data-slider-speed=\"5000\" data-slider-speed-animation=\"600\" data-slider-padding=\"no\" data-enable-navigation=\"yes\" data-enable-custom-navigation=\"yes\" data-enable-pagination=\"yes\" data-slider-animate-out=\"fadeOut\">\n\t\t\t\t\t<div class=\"eltd-ig-image\">\n\t\t\t\t\t\t\t\t\t<img src=\"https:\/\/www.irissasuites.com\/wp-content\/uploads\/2025\/01\/CKK_3887-20240928-Copy-1-1100x960.jpg\" alt=\"\" width=\"1100\" height=\"960\" \/>\t\t\t\t\t\t\t<\/div>\n\t\t\t\t\t<div class=\"eltd-ig-image\">\n\t\t\t\t\t\t\t\t\t<img src=\"https:\/\/www.irissasuites.com\/wp-content\/uploads\/2025\/01\/CKK_4071-20240929-Copy-1100x960.jpg\" alt=\"\" width=\"1100\" height=\"960\" \/>\t\t\t\t\t\t\t<\/div>\n\t\t\t\t\t<div class=\"eltd-ig-image\">\n\t\t\t\t\t\t\t\t\t<img src=\"https:\/\/www.irissasuites.com\/wp-content\/uploads\/2025\/01\/CKK_3788-20240928-Copy-1100x960.jpg\" alt=\"\" width=\"1100\" height=\"960\" \/>\t\t\t\t\t\t\t<\/div>\n\t\t\t\t\t<div class=\"eltd-ig-image\">\n\t\t\t\t\t\t\t\t\t<img src=\"https:\/\/www.irissasuites.com\/wp-content\/uploads\/2025\/01\/CKK_3928-20240928-Copy-1100x960.jpg\" alt=\"\" width=\"1100\" height=\"960\" \/>\t\t\t\t\t\t\t<\/div>\n\t\t\t<\/div>\n<\/div>\t\t<\/div>\n\t<\/div>\n<\/div><\/div>[\/vc_column][\/vc_row]<\/p>\n","protected":false},"excerpt":{"rendered":"<p>[vc_row][vc_column offset=\u00a0\u00bbvc_col-lg-12 vc_col-md-12 vc_col-xs-12&Prime;][vc_empty_space height=\u00a0\u00bb60px\u00a0\u00bb][\/vc_column][\/vc_row][vc_row][vc_column][vc_empty_space height=\u00a0\u00bb75px\u00a0\u00bb][\/vc_column][\/vc_row][vc_row][vc_column offset=\u00a0\u00bbvc_col-lg-5 vc_col-md-5 vc_col-xs-12&Prime; css=\u00a0\u00bb.vc_custom_1512388407794{padding-right: 0px !important;padding-left: 0px !important;}\u00a0\u00bb][vc_empty_space height=\u00a0\u00bb40px\u00a0\u00bb][\/vc_column][vc_column offset=\u00a0\u00bbvc_col-lg-7 vc_col-md-7 vc_col-xs-12&Prime; css=\u00a0\u00bb.vc_custom_1512388399818{padding-right: [&hellip;]<\/p>\n","protected":false},"author":1,"featured_media":0,"parent":0,"menu_order":0,"comment_status":"closed","ping_status":"closed","template":"full-width.php","meta":[],"_links":{"self":[{"href":"https:\/\/www.irissasuites.com\/fr\/wp-json\/wp\/v2\/pages\/7984"}],"collection":[{"href":"https:\/\/www.irissasuites.com\/fr\/wp-json\/wp\/v2\/pages"}],"about":[{"href":"https:\/\/www.irissasuites.com\/fr\/wp-json\/wp\/v2\/types\/page"}],"author":[{"embeddable":true,"href":"https:\/\/www.irissasuites.com\/fr\/wp-json\/wp\/v2\/users\/1"}],"replies":[{"embeddable":true,"href":"https:\/\/www.irissasuites.com\/fr\/wp-json\/wp\/v2\/comments?post=7984"}],"version-history":[{"count":6,"href":"https:\/\/www.irissasuites.com\/fr\/wp-json\/wp\/v2\/pages\/7984\/revisions"}],"predecessor-version":[{"id":8358,"href":"https:\/\/www.irissasuites.com\/fr\/wp-json\/wp\/v2\/pages\/7984\/revisions\/8358"}],"wp:attachment":[{"href":"https:\/\/www.irissasuites.com\/fr\/wp-json\/wp\/v2\/media?parent=7984"}],"curies":[{"name":"wp","href":"https:\/\/api.w.org\/{rel}","templated":true}]}}