
{"id":7979,"date":"2021-08-26T10:16:36","date_gmt":"2021-08-26T07:16:36","guid":{"rendered":"https:\/\/www.irissasuites.com\/location\/"},"modified":"2022-06-06T12:39:55","modified_gmt":"2022-06-06T09:39:55","slug":"location","status":"publish","type":"page","link":"https:\/\/www.irissasuites.com\/fr\/location\/","title":{"rendered":"Emplacement"},"content":{"rendered":"<p>[vc_row row_content_width=\u00a0\u00bbgrid\u00a0\u00bb css=\u00a0\u00bb.vc_custom_1511955592787{padding-top: 92px !important;padding-bottom: 79px !important;}\u00a0\u00bb][vc_column width=\u00a0\u00bb1\/3&Prime;]<div class=\"eltd-elements-holder   eltd-one-column  eltd-responsive-mode-768 \" ><div class=\"eltd-eh-item    \"  data-item-class=\"eltd-eh-custom-3146\" data-768-1024=\"0 14% 0 0\">\n\t<div class=\"eltd-eh-item-inner\">\n\t\t<div class=\"eltd-eh-item-content eltd-eh-custom-3146\" style=\"padding: 0 0 0 0\">\n\t\t\t[vc_column_text]<\/p>\n<h3 id=\"tw-target-text\" class=\"tw-data-text tw-text-large tw-ta\" dir=\"ltr\" data-placeholder=\"\u039c\u03b5\u03c4\u03ac\u03c6\u03c1\u03b1\u03c3\u03b7\"><span class=\"Y2IQFc\" lang=\"fr\">Iria, Nauplie<\/span><\/h3>\n<p>[\/vc_column_text][vc_column_text]<\/p>\n<h3 style=\"font-weight: bold; margin-top: 0;\">Retraite de bien <span class=\"Y2IQFc\" lang=\"fr\">\u00eatre<\/span><\/h3>\n<pre id=\"tw-target-text\" class=\"tw-data-text tw-text-large tw-ta\" dir=\"ltr\" data-placeholder=\"\u039c\u03b5\u03c4\u03ac\u03c6\u03c1\u03b1\u03c3\u03b7\"><\/pre>\n<p>[\/vc_column_text]\t\t<\/div>\n\t<\/div>\n<\/div><\/div>[vc_empty_space height=\u00a0\u00bb40px\u00a0\u00bb][\/vc_column][vc_column width=\u00a0\u00bb2\/3&Prime;]<div class=\"eltd-elements-holder   eltd-one-column  eltd-responsive-mode-768 \" ><div class=\"eltd-eh-item    \"  data-item-class=\"eltd-eh-custom-3152\" data-1024-1280=\"20px 30px 0 0px\">\n\t<div class=\"eltd-eh-item-inner\">\n\t\t<div class=\"eltd-eh-item-content eltd-eh-custom-3152\" style=\"padding: 31px 0 0 0\">\n\t\t\t[vc_column_text]Il est situ\u00e9 tr\u00e8s pr\u00e8s de Nauplie et du th\u00e9\u00e2tre antique d\u2019Epidaure.Nauplie est \u00e0 environ 1,5 heure d\u2019Ath\u00e8nes et est connue comme la premi\u00e8re capitale de l\u2019\u00c9tat grec. Le th\u00e9\u00e2tre antique d\u2019Epidaure est construit dans le site arch\u00e9ologique d\u2019Epidaure. C\u2019est le mieux conserv\u00e9 th\u00e9\u00e2tre de Gr\u00e8ce ancienne, o\u00f9 l\u2019on donne encore des repr\u00e9sentations. Il poss\u00e8de une acoustique incroyable. Si vous vous tenez en son centre et que vous parlez, on peut vous entendre depuis la derni\u00e8re rang\u00e9e.\u00a0 Le port traditionnel d\u2019Iria est situ\u00e9 \u00e0 c\u00f4t\u00e9 et est connu depuis l\u2019antiquit\u00e9 sous le nom de \u00ab Ports Sauvages \u00bb. Sa plaine est principalement c\u00e9l\u00e8bre pour la production d\u2019artichauts. Chaque ann\u00e9e pendant la p\u00e9riode printani\u00e8re, la c\u00e9l\u00e8bre f\u00eate de l\u2019artichaut est organis\u00e9e. C\u2019est une destination id\u00e9ale pour ceux qui souhaitent s\u2019\u00e9vader, trouver un havre de tranquillit\u00e9 dans la nature et entrer en contact avec la culture du lieu.[\/vc_column_text]\t\t<\/div>\n\t<\/div>\n<\/div><\/div>[vc_empty_space height=\u00a0\u00bb40px\u00a0\u00bb][\/vc_column][\/vc_row][vc_row simple_background_color=\u00a0\u00bb#f7f8f9&Prime; css=\u00a0\u00bb.vc_custom_1511187963893{padding-top: 130px !important;padding-bottom: 130px !important;}\u00a0\u00bb][vc_column][vc_row_inner row_content_width=\u00a0\u00bbgrid\u00a0\u00bb][vc_column_inner]<div class=\"eltd-elements-holder   eltd-two-columns  eltd-responsive-mode-768 \" ><div class=\"eltd-eh-item   eltd-horizontal-alignment-center \" style=\"background-color: #ffffff\" data-item-class=\"eltd-eh-custom-6380\" data-1280-1600=\"0 11% 0 11%\" data-1024-1280=\"0 11% 0 11%\" data-768-1024=\"0px 5% 0px 5%\" data-680-768=\"27% 14% 27% 14%\">\n\t<div class=\"eltd-eh-item-inner\">\n\t\t<div class=\"eltd-eh-item-content eltd-eh-custom-6380\" style=\"padding: 0 17% 0 17%\">\n\t\t\t<div class=\"eltd-section-title-holder eltd-separator-disabled  \" >\n    <div class=\"eltd-section-title-inner\">\n                            <h3 class=\"eltd-st-title \" style=\"margin-top: 22px\">\n                <span class=\"eltd-st-before\"><\/span>\n                <span>Emplacement<\/span>\n            <\/h3>\n                            <p class=\"eltd-st-text\" style=\"font-size: 15px;line-height: 29px;margin: 30px 30px 0 30px\">Iria est situ\u00e9 sur le golfe d&#039;Argolide \u00e0 22 kilom\u00e8tres au sud-est de Nauplie et comprend sur son territoire le cap \u00e9ponyme, Dans les temps anciens, Iria \u00e9tait appel\u00e9 \u00ab Ports Sauvages \u00bb (port des champs) et occupait une place tr\u00e8s importante dans le transport routier de la r\u00e9gion car il reliait le golfe Argolique \u00e0 Epidaure. La plaine fertile d\u2019Iria se termine au cap Cavo \u0399ris et est travers\u00e9e par la rivi\u00e8re Sellas, qui \u00e9tait la fronti\u00e8re naturelle entre l\u2019\u00c9tat d\u2019\u00c9pidaure et Hermione, un fait qui causait tr\u00e8s souvent des conflits entre eux. Aujourd&#039;hui, il reste les ruines d\u2019une petite tour, t\u00e9moignage du pass\u00e9. La Tour des Signaux est pr\u00e9serv\u00e9e aussi, qui servait \u00e0 alerter les autres tours de la r\u00e9gion avec des signaux de fum\u00e9e pour les raids des ennemis contre Myc\u00e8nes. Dans la zone maritime d\u2019Iria, il y a aussi une ancienne \u00e9pave datant de 1200 av. J.-C. Iria est essentiellement rurale et s&#039;appuie sur une vaste plaine fertile dont la principale culture est l&#039;artichaut (80% de la production totale du pays). <\/p>\n                    <\/div>\n<\/div>[vc_empty_space height=\u00a0\u00bb40px\u00a0\u00bb]\t\t<\/div>\n\t<\/div>\n<\/div><div class=\"eltd-eh-item    \"  data-item-class=\"eltd-eh-custom-5173\">\n\t<div class=\"eltd-eh-item-inner\">\n\t\t<div class=\"eltd-eh-item-content eltd-eh-custom-5173\" style=\"padding: 0 0 0 0\">\n\t\t\t<div class=\"eltd-image-gallery  eltd-ig-slider-type eltd-large-space   eltd-custom-nav eltd-custom-nav-right eltd-hide-pagination\">\n\t<div class=\"eltd-ig-slider eltd-owl-slider\" data-number-of-items=\"1\" data-enable-loop=\"yes\" data-enable-autoplay=\"yes\" data-slider-speed=\"5000\" data-slider-speed-animation=\"600\" data-slider-padding=\"no\" data-enable-navigation=\"yes\" data-enable-custom-navigation=\"yes\" data-enable-pagination=\"yes\" data-slider-animate-out=\"fadeOut\">\n\t\t\t\t\t<div class=\"eltd-ig-image\">\n\t\t\t\t\t\t\t\t\t<img src=\"https:\/\/www.irissasuites.com\/wp-content\/uploads\/2021\/09\/yiamourisDJI_0115-Copy-650x650.jpg\" alt=\"\" width=\"650\" height=\"650\" \/>\t\t\t\t\t\t\t<\/div>\n\t\t\t\t\t<div class=\"eltd-ig-image\">\n\t\t\t\t\t\t\t\t\t<img src=\"https:\/\/www.irissasuites.com\/wp-content\/uploads\/2021\/09\/yiamourisDJI_0181-Copy-650x650.jpg\" alt=\"\" width=\"650\" height=\"650\" \/>\t\t\t\t\t\t\t<\/div>\n\t\t\t\t\t<div class=\"eltd-ig-image\">\n\t\t\t\t\t\t\t\t\t<img src=\"https:\/\/www.irissasuites.com\/wp-content\/uploads\/2021\/09\/yiamourisDJI_0146-Copy-650x650.jpg\" alt=\"\" width=\"650\" height=\"650\" \/>\t\t\t\t\t\t\t<\/div>\n\t\t\t\t\t<div class=\"eltd-ig-image\">\n\t\t\t\t\t\t\t\t\t<img src=\"https:\/\/www.irissasuites.com\/wp-content\/uploads\/2021\/09\/yiamourisDJI_0154-Copy-650x650.jpg\" alt=\"\" width=\"650\" height=\"650\" \/>\t\t\t\t\t\t\t<\/div>\n\t\t\t\t\t<div class=\"eltd-ig-image\">\n\t\t\t\t\t\t\t\t\t<img src=\"https:\/\/www.irissasuites.com\/wp-content\/uploads\/2021\/09\/yiamourisDJI_0161-Copy-650x650.jpg\" alt=\"\" width=\"650\" height=\"650\" \/>\t\t\t\t\t\t\t<\/div>\n\t\t\t\t\t<div class=\"eltd-ig-image\">\n\t\t\t\t\t\t\t\t\t<img src=\"https:\/\/www.irissasuites.com\/wp-content\/uploads\/2021\/09\/yiamourisDJI_0171-Copy-650x650.jpg\" alt=\"\" width=\"650\" height=\"650\" \/>\t\t\t\t\t\t\t<\/div>\n\t\t\t<\/div>\n<\/div>\t\t<\/div>\n\t<\/div>\n<\/div><\/div>[\/vc_column_inner][\/vc_row_inner][\/vc_column][\/vc_row][vc_row parallax_background_image=\u00a0\u00bb6175&Prime;][vc_column]<div class=\"eltd-elements-holder   eltd-one-column  eltd-responsive-mode-768 \" ><div class=\"eltd-eh-item    \"  data-item-class=\"eltd-eh-custom-3587\" data-680-768=\"29% 0 29% 0\" data-680=\"30% 0 30% 0\">\n\t<div class=\"eltd-eh-item-inner\">\n\t\t<div class=\"eltd-eh-item-content eltd-eh-custom-3587\" style=\"padding: 18.2% 0 18.2% 0\">\n\t\t\t\t\t<\/div>\n\t<\/div>\n<\/div><\/div>[\/vc_column][\/vc_row][vc_row][vc_column][vc_empty_space height=\u00a0\u00bb40px\u00a0\u00bb][\/vc_column][\/vc_row][vc_row][vc_column][vc_media_grid element_width=\u00a0\u00bb2&Prime; grid_id=\u00a0\u00bbvc_gid:1654508302789-02b46dfe-443c-4&Prime; include=\u00a0\u00bb7554,7556,7546,7538,7534,7520,7140,7136,7118,7100,7110,7088,7080,7074,7060,7062,7034,7040,7048,7022,7014,7012,7032,6980,6966,6920,6926,6946,6932,7104&Prime;][\/vc_column][\/vc_row]<\/p>\n","protected":false},"excerpt":{"rendered":"<p>[vc_row row_content_width=\u00a0\u00bbgrid\u00a0\u00bb css=\u00a0\u00bb.vc_custom_1511955592787{padding-top: 92px !important;padding-bottom: 79px !important;}\u00a0\u00bb][vc_column width=\u00a0\u00bb1\/3&Prime;][vc_empty_space height=\u00a0\u00bb40px\u00a0\u00bb][\/vc_column][vc_column width=\u00a0\u00bb2\/3&Prime;][vc_empty_space height=\u00a0\u00bb40px\u00a0\u00bb][\/vc_column][\/vc_row][vc_row simple_background_color=\u00a0\u00bb#f7f8f9&Prime; css=\u00a0\u00bb.vc_custom_1511187963893{padding-top: 130px !important;padding-bottom: 130px !important;}\u00a0\u00bb][vc_column][vc_row_inner row_content_width=\u00a0\u00bbgrid\u00a0\u00bb][vc_column_inner][\/vc_column_inner][\/vc_row_inner][\/vc_column][\/vc_row][vc_row parallax_background_image=\u00a0\u00bb6175&Prime;][vc_column][\/vc_column][\/vc_row][vc_row][vc_column][vc_empty_space [&hellip;]<\/p>\n","protected":false},"author":1,"featured_media":0,"parent":0,"menu_order":0,"comment_status":"closed","ping_status":"closed","template":"full-width.php","meta":[],"_links":{"self":[{"href":"https:\/\/www.irissasuites.com\/fr\/wp-json\/wp\/v2\/pages\/7979"}],"collection":[{"href":"https:\/\/www.irissasuites.com\/fr\/wp-json\/wp\/v2\/pages"}],"about":[{"href":"https:\/\/www.irissasuites.com\/fr\/wp-json\/wp\/v2\/types\/page"}],"author":[{"embeddable":true,"href":"https:\/\/www.irissasuites.com\/fr\/wp-json\/wp\/v2\/users\/1"}],"replies":[{"embeddable":true,"href":"https:\/\/www.irissasuites.com\/fr\/wp-json\/wp\/v2\/comments?post=7979"}],"version-history":[{"count":5,"href":"https:\/\/www.irissasuites.com\/fr\/wp-json\/wp\/v2\/pages\/7979\/revisions"}],"predecessor-version":[{"id":8110,"href":"https:\/\/www.irissasuites.com\/fr\/wp-json\/wp\/v2\/pages\/7979\/revisions\/8110"}],"wp:attachment":[{"href":"https:\/\/www.irissasuites.com\/fr\/wp-json\/wp\/v2\/media?parent=7979"}],"curies":[{"name":"wp","href":"https:\/\/api.w.org\/{rel}","templated":true}]}}