
{"id":7957,"date":"2017-11-03T08:19:03","date_gmt":"2017-11-03T05:19:03","guid":{"rendered":"https:\/\/www.irissasuites.com\/anius-suite\/"},"modified":"2022-06-06T12:48:28","modified_gmt":"2022-06-06T09:48:28","slug":"anius-suite","status":"publish","type":"page","link":"https:\/\/www.irissasuites.com\/fr\/anius-suite\/","title":{"rendered":"Anius Suite"},"content":{"rendered":"<p>[vc_row row_content_width=\u00a0\u00bbgrid\u00a0\u00bb css=\u00a0\u00bb.vc_custom_1511955592787{padding-top: 92px !important;padding-bottom: 79px !important;}\u00a0\u00bb][vc_column width=\u00a0\u00bb1\/3&Prime;]<div class=\"eltd-elements-holder   eltd-one-column  eltd-responsive-mode-768 \" ><div class=\"eltd-eh-item    \"  data-item-class=\"eltd-eh-custom-7572\" data-768-1024=\"0 14% 0 0\">\n\t<div class=\"eltd-eh-item-inner\">\n\t\t<div class=\"eltd-eh-item-content eltd-eh-custom-7572\" style=\"padding: 0 0 0 0\">\n\t\t\t[vc_column_text]<\/p>\n<h3 style=\"font-weight: bold;\">Irissa Suites H\u00e9bergement unique dans la charmante Nauplie.<\/h3>\n<p>[\/vc_column_text]\t\t<\/div>\n\t<\/div>\n<\/div><\/div>[vc_empty_space height=\u00a0\u00bb40px\u00a0\u00bb][\/vc_column][vc_column width=\u00a0\u00bb2\/3&Prime;]<div class=\"eltd-elements-holder   eltd-one-column  eltd-responsive-mode-768 \" ><div class=\"eltd-eh-item    \"  data-item-class=\"eltd-eh-custom-2000\" data-1024-1280=\"20px 30px 0 0px\">\n\t<div class=\"eltd-eh-item-inner\">\n\t\t<div class=\"eltd-eh-item-content eltd-eh-custom-2000\" style=\"padding: 31px 0 0 0\">\n\t\t\t[vc_column_text]Suite sur deux niveaux, d&rsquo;une superficie de 57 m\u00b2 et \u00e9difi\u00e9e en pierre de taille avec sa propre terrasse spacieuse et un acc\u00e8s facile \u00e0 la piscine ext\u00e9rieure. Elle peut accueillir jusqu\u2019\u00e0 5 personnes. Elle se compose d&rsquo;une cuisine ouverte sur le s\u00e9jour, enti\u00e8rement \u00e9quip\u00e9e et d&rsquo;une salle de bains avec une cabine de douche. Nos suites sont d\u00e9cor\u00e9es de fa\u00e7on moderne, avec des meubles \u00e9l\u00e9gants et des matelas Coco-Mat pour une exp\u00e9rience de sommeil agr\u00e9able : 1 lit double au rez-de-chauss\u00e9e, 2 lits simples dans le grenier et un salon moderne avec un canap\u00e9-lit confortable. Le grand espace ext\u00e9rieur meubl\u00e9 offre une vue magnifique sur la petite oliveraie et la piscine.<br \/>\nAcc\u00e8s Wi-Fi gratuit dans tout l\u2019espace.[\/vc_column_text]\t\t<\/div>\n\t<\/div>\n<\/div><\/div>[vc_empty_space height=\u00a0\u00bb40px\u00a0\u00bb][\/vc_column][\/vc_row][vc_row simple_background_color=\u00a0\u00bb#f7f8f9&Prime; css=\u00a0\u00bb.vc_custom_1511187963893{padding-top: 130px !important;padding-bottom: 130px !important;}\u00a0\u00bb][vc_column][vc_row_inner row_content_width=\u00a0\u00bbgrid\u00a0\u00bb][vc_column_inner]<div class=\"eltd-elements-holder   eltd-two-columns  eltd-responsive-mode-768 \" ><div class=\"eltd-eh-item   eltd-horizontal-alignment-center \" style=\"background-color: #ffffff\" data-item-class=\"eltd-eh-custom-8123\" data-1280-1600=\"0 11% 0 11%\" data-1024-1280=\"0 11% 0 11%\" data-768-1024=\"0px 5% 0px 5%\" data-680-768=\"27% 14% 27% 14%\">\n\t<div class=\"eltd-eh-item-inner\">\n\t\t<div class=\"eltd-eh-item-content eltd-eh-custom-8123\" style=\"padding: 0 17% 0 17%\">\n\t\t\t<div class=\"eltd-section-title-holder eltd-separator-disabled  \" >\n    <div class=\"eltd-section-title-inner\">\n                    <h6 class=\"eltd-st-subtitle\" >\n                <span>Luxe &amp; Confort<\/span>\n            <\/h6>\n                            <h3 class=\"eltd-st-title \" style=\"margin-top: 22px\">\n                <span class=\"eltd-st-before\"><\/span>\n                <span>Anius Suite<\/span>\n            <\/h3>\n                            <p class=\"eltd-st-text\" style=\"font-size: 15px;line-height: 29px;margin: 30px 30px 0 30px\">La suite dispose de la climatisation, de 2 t\u00e9l\u00e9viseurs intelligents \u00e0 \u00e9cran plat de 43&#039; et 32&#039;, d\u2019une cafeti\u00e8re NESCAF\u00c9\u00ae Dolce Gusto\u00ae et de tout l\u2019\u00e9quipement de cuisine standard, des literies de premi\u00e8re qualit\u00e9 et des serviettes de bains Coco-Mat.<\/p>\n                    <\/div>\n<\/div>[vc_empty_space height=\u00a0\u00bb40px\u00a0\u00bb]<a itemprop=\"url\" href=\"https:\/\/irissasuites.reserve-online.net\/\" target=\"_self\"  class=\"eltd-btn eltd-btn-medium eltd-btn-solid .book-now-margin-bottom eltd-btn-line-left eltd-btn-animation-enabled\"  >\n    <span class=\"eltd-btn-text\">Reserve Maintenant<\/span>\n\n        \t<span class=\"eltd-btn-hover-overlay\" ><\/span>\n    \n    <\/a>\t\t<\/div>\n\t<\/div>\n<\/div><div class=\"eltd-eh-item    \"  data-item-class=\"eltd-eh-custom-2776\">\n\t<div class=\"eltd-eh-item-inner\">\n\t\t<div class=\"eltd-eh-item-content eltd-eh-custom-2776\" style=\"padding: 0 0 0 0\">\n\t\t\t<div class=\"eltd-image-gallery .book-now-margin-bottom eltd-ig-carousel-type eltd-large-space     \">\n\t<div class=\"eltd-ig-slider eltd-owl-slider\" data-number-of-items=\"1\" data-enable-loop=\"yes\" data-enable-autoplay=\"yes\" data-slider-speed=\"5000\" data-slider-speed-animation=\"600\" data-slider-padding=\"no\" data-enable-navigation=\"yes\" data-enable-custom-navigation=\"no\" data-enable-pagination=\"yes\" data-slider-animate-out=\"fadeOut\">\n\t\t\t\t\t<div class=\"eltd-ig-image\">\n\t\t\t\t\t\t\t\t\t<img width=\"668\" height=\"695\" src=\"https:\/\/www.irissasuites.com\/wp-content\/uploads\/2021\/09\/Untitled-1-7.jpg\" class=\"attachment-full size-full\" alt=\"\" loading=\"lazy\" srcset=\"https:\/\/www.irissasuites.com\/wp-content\/uploads\/2021\/09\/Untitled-1-7.jpg 668w, https:\/\/www.irissasuites.com\/wp-content\/uploads\/2021\/09\/Untitled-1-7-288x300.jpg 288w, https:\/\/www.irissasuites.com\/wp-content\/uploads\/2021\/09\/Untitled-1-7-600x624.jpg 600w\" sizes=\"(max-width: 668px) 100vw, 668px\" \/>\t\t\t\t\t\t\t<\/div>\n\t\t\t\t\t<div class=\"eltd-ig-image\">\n\t\t\t\t\t\t\t\t\t<img width=\"668\" height=\"695\" src=\"https:\/\/www.irissasuites.com\/wp-content\/uploads\/2021\/09\/Untitled-19-Copy.jpg\" class=\"attachment-full size-full\" alt=\"\" loading=\"lazy\" srcset=\"https:\/\/www.irissasuites.com\/wp-content\/uploads\/2021\/09\/Untitled-19-Copy.jpg 668w, https:\/\/www.irissasuites.com\/wp-content\/uploads\/2021\/09\/Untitled-19-Copy-288x300.jpg 288w, https:\/\/www.irissasuites.com\/wp-content\/uploads\/2021\/09\/Untitled-19-Copy-600x624.jpg 600w\" sizes=\"(max-width: 668px) 100vw, 668px\" \/>\t\t\t\t\t\t\t<\/div>\n\t\t\t\t\t<div class=\"eltd-ig-image\">\n\t\t\t\t\t\t\t\t\t<img width=\"668\" height=\"695\" src=\"https:\/\/www.irissasuites.com\/wp-content\/uploads\/2021\/09\/Untitled-12-Copy.jpg\" class=\"attachment-full size-full\" alt=\"\" loading=\"lazy\" srcset=\"https:\/\/www.irissasuites.com\/wp-content\/uploads\/2021\/09\/Untitled-12-Copy.jpg 668w, https:\/\/www.irissasuites.com\/wp-content\/uploads\/2021\/09\/Untitled-12-Copy-288x300.jpg 288w, https:\/\/www.irissasuites.com\/wp-content\/uploads\/2021\/09\/Untitled-12-Copy-600x624.jpg 600w\" sizes=\"(max-width: 668px) 100vw, 668px\" \/>\t\t\t\t\t\t\t<\/div>\n\t\t\t<\/div>\n<\/div>\t\t<\/div>\n\t<\/div>\n<\/div><\/div>[\/vc_column_inner][\/vc_row_inner][\/vc_column][\/vc_row][vc_row][vc_column][vc_empty_space height=\u00a0\u00bb15px\u00a0\u00bb][vc_custom_heading text=\u00a0\u00bbRegarde les photos\u00a0\u00bb font_container=\u00a0\u00bbtag:h2|text_align:center\u00a0\u00bb google_fonts=\u00a0\u00bbfont_family:Roboto%3A100%2C100italic%2C300%2C300italic%2Cregular%2Citalic%2C500%2C500italic%2C700%2C700italic%2C900%2C900italic|font_style:400%20regular%3A400%3Anormal\u00a0\u00bb][vc_empty_space height=\u00a0\u00bb15px\u00a0\u00bb][\/vc_column][\/vc_row][vc_row][vc_column][vc_media_grid element_width=\u00a0\u00bb2&Prime; grid_id=\u00a0\u00bbvc_gid:1654508719442-83fb34f0-2b89-2&Prime; include=\u00a0\u00bb7626,7604,7640,7606,7608,7610,7612,7602,7614,7616,7618,7620,7622,7624,7628,7630,7632,7634,7636,7638,7642,7644,7600,7646&Prime;][\/vc_column][\/vc_row]<\/p>\n","protected":false},"excerpt":{"rendered":"<p>[vc_row row_content_width=\u00a0\u00bbgrid\u00a0\u00bb css=\u00a0\u00bb.vc_custom_1511955592787{padding-top: 92px !important;padding-bottom: 79px !important;}\u00a0\u00bb][vc_column width=\u00a0\u00bb1\/3&Prime;][vc_empty_space height=\u00a0\u00bb40px\u00a0\u00bb][\/vc_column][vc_column width=\u00a0\u00bb2\/3&Prime;][vc_empty_space height=\u00a0\u00bb40px\u00a0\u00bb][\/vc_column][\/vc_row][vc_row simple_background_color=\u00a0\u00bb#f7f8f9&Prime; css=\u00a0\u00bb.vc_custom_1511187963893{padding-top: 130px !important;padding-bottom: 130px !important;}\u00a0\u00bb][vc_column][vc_row_inner row_content_width=\u00a0\u00bbgrid\u00a0\u00bb][vc_column_inner][\/vc_column_inner][\/vc_row_inner][\/vc_column][\/vc_row][vc_row][vc_column][vc_empty_space height=\u00a0\u00bb15px\u00a0\u00bb][vc_custom_heading [&hellip;]<\/p>\n","protected":false},"author":1,"featured_media":0,"parent":0,"menu_order":0,"comment_status":"closed","ping_status":"closed","template":"full-width.php","meta":[],"_links":{"self":[{"href":"https:\/\/www.irissasuites.com\/fr\/wp-json\/wp\/v2\/pages\/7957"}],"collection":[{"href":"https:\/\/www.irissasuites.com\/fr\/wp-json\/wp\/v2\/pages"}],"about":[{"href":"https:\/\/www.irissasuites.com\/fr\/wp-json\/wp\/v2\/types\/page"}],"author":[{"embeddable":true,"href":"https:\/\/www.irissasuites.com\/fr\/wp-json\/wp\/v2\/users\/1"}],"replies":[{"embeddable":true,"href":"https:\/\/www.irissasuites.com\/fr\/wp-json\/wp\/v2\/comments?post=7957"}],"version-history":[{"count":5,"href":"https:\/\/www.irissasuites.com\/fr\/wp-json\/wp\/v2\/pages\/7957\/revisions"}],"predecessor-version":[{"id":8113,"href":"https:\/\/www.irissasuites.com\/fr\/wp-json\/wp\/v2\/pages\/7957\/revisions\/8113"}],"wp:attachment":[{"href":"https:\/\/www.irissasuites.com\/fr\/wp-json\/wp\/v2\/media?parent=7957"}],"curies":[{"name":"wp","href":"https:\/\/api.w.org\/{rel}","templated":true}]}}